{"id":2758,"date":"2023-08-01T10:18:58","date_gmt":"2023-08-01T08:18:58","guid":{"rendered":"https:\/\/kosmos-os.de\/?p=2758"},"modified":"2026-04-19T11:24:21","modified_gmt":"2026-04-19T09:24:21","slug":"mond_und_wetter","status":"publish","type":"page","link":"https:\/\/kosmos-os.de\/en\/termine\/mond_und_wetter\/","title":{"rendered":"Current moon phase and weather"},"content":{"rendered":"<p><br><\/p>\n\n\n\n<p><br><strong>Current moon phase<\/strong><\/p>\n\n\n\n<div class=\"wp-block-group has-global-padding is-layout-constrained wp-container-core-group-is-layout-8d293084 wp-block-group-is-layout-constrained\">\n<img decoding=\"async\" border=\"0\" src=\"https:\/\/www.der-mond.de\/feature\/luna.php?version=5&amp;txue=Mond+und+Sonne+aktuell&amp;zeko=1&amp;rand=1&amp;trans=1&amp;julia=1&amp;daem=4&amp;zefu=1&amp;grmo=2&amp;grmoueber=1&amp;txph=1&amp;txmoal=1&amp;txmoph=1&amp;txmobe=1&amp;txmophti=1&amp;txmost=1&amp;txmostau=0&amp;txze=1&amp;zezo=1&amp;zeso=1&amp;format=1&amp;schgr=11&amp;schriftart=Standard&amp;schriftschnitt=0&amp;grafikausdehnung=0&amp;grafikpx=150&amp;faan=1&amp;scro=0&amp;scgr=0&amp;scbl=0&amp;hiro=242&amp;higr=248&amp;hibl=255&amp;grsoho=2&amp;grsohoueber=1&amp;soep=1&amp;txsost=1&amp;txsostau=0&amp;geolagr=8&amp;geolami=2&amp;geolase=0&amp;geola=o&amp;geobrgr=52&amp;geobrmi=18&amp;geobrse=0&amp;geobr=n&amp;lang=de\" alt=\"Der Mond - Geheimnisvoller Begleiter unserer Erde\" style=\"max-width: 100%\">\n \t\n\n\t<br><p style=\"text-align: right;\">\n\n\tBy <a href=\"https:\/\/www.der-mond.de\/\" target=\"_blank\" rel=\"noopener\">www.Der-Mond.de<\/a>\n\n<!--- Quellcode Ende --->\n<\/div>\n\n\n\n<p><br><strong>Current Sun photo from NASA ( SDO \u2013 Solar Dynamics Observatory) <\/strong><a href=\"https:\/\/sdo.gsfc.nasa.gov\/data\/\">https:\/\/sdo.gsfc.nasa.gov\/data\/<\/a><strong> )<\/strong><\/p>\n\n\n\n<p><\/p>\n\n\n\n<p>Data from HMI Intensitygram \u2013 colored <\/p>\n\n\n\n<p><a href=\"https:\/\/sdo.gsfc.nasa.gov\/assets\/img\/latest\/latest_1024_HMIIC.jpg\"><\/a><\/p>\n\n\n\n<div class=\"wp-block-group has-global-padding is-layout-constrained wp-block-group-is-layout-constrained\">\n<figure class=\"wp-block-image size-large\"><img decoding=\"async\" src=\"https:\/\/sdo.gsfc.nasa.gov\/assets\/img\/latest\/latest_2048_HMIIC.jpg\" alt=\"\"\/><\/figure>\n\n\n\n<p><em>Courtesy of NASA\/SDO and the AIA, EVE, and HMI science teams.<\/em><\/p>\n<\/div>\n\n\n\n<p><br><strong>Current weather in Osnabr\u00fcck<\/strong> <strong>:<\/strong><\/p>\n\n\n\n<div class=\"wp-block-group has-global-padding is-layout-constrained wp-block-group-is-layout-constrained\">\n<iframe width='300' height='310' name='FC2' style='border:1px solid;border-color:#00537f;' src='https:\/\/api.wetteronline.de\/wetterwidget?gid=10317&#038;modeid=FC2&#038;seourl=osnabrueck&#038;locationname=Osnabr\u00fcck&#038;lang=de'><\/iframe>\n<\/div>\n\n\n\n<p><br><\/p>\n\n\n\n<p><br><\/p>\n\n\n\n<p><strong>Astronomical weather forecast:<\/strong> <br><\/p>\n\n\n\n<div class=\"wp-block-group has-global-padding is-layout-constrained wp-block-group-is-layout-constrained\">\n<a href=\"https:\/\/clearoutside.com\/forecast\/52.27\/8.05\" target=\"_blank\" rel=\"noopener\"><img decoding=\"async\" src=\"https:\/\/clearoutside.com\/forecast_image_large\/52.27\/8.05\/forecast.png\" \/><\/a>\n<\/div>\n\n\n\n<p><br><\/p>\n\n\n\n<div class=\"wp-block-group has-global-padding is-content-justification-left is-layout-constrained wp-container-core-group-is-layout-12dd3699 wp-block-group-is-layout-constrained\">\n<p><strong>Current position of the International Space Station<\/strong> <br><\/p>\n\n\n\n<p><br><\/p>\n\n\n\n<div id=\"av-orbit\">\n    <script>\n        var avOrbitProperties = {\n            size: 'medium',\n            lang: 'de'\n        };\n    <\/script>\n    <script src=\"https:\/\/astroviewer.net\/widgets\/widgets\/orbit.js\"><\/script>\n<\/div>\n\n\n\n<p><br><\/p>\n<\/div>\n\n\n\n<div class=\"wp-block-group has-global-padding is-content-justification-left is-layout-constrained wp-container-core-group-is-layout-12dd3699 wp-block-group-is-layout-constrained\">\n<p><strong>Visibility of the ISS over Osnabr\u00fcck<\/strong> <br><\/p>\n\n\n\n<p><br><\/p>\n\n\n\n<div id=\"av-passes\">\n    <script>\n        var avPassesProperties = {\n            lon:   8.048,\n            lat:   52.272,\n            name:  'Osnabr\u00fcck',\n            tz:    'Europe\/Berlin',\n            lang:  'de',\n            clock: '24h'\n        };\n    <\/script>\n    <script src=\"https:\/\/astroviewer.net\/widgets\/widgets\/passes.js\"><\/script>\n<\/div>\n<\/div>","protected":false},"excerpt":{"rendered":"<p>Die aktuelle Mondphase Von www.Der-Mond.de Aktuelles Sonnenbild der NASA (SDO &#8211; Solar Dynamics Observatory https:\/\/sdo.gsfc.nasa.gov\/data\/ ) Daten aus dem HMI Intensitygram &#8211; colored Courtesy of NASA\/SDO and the AIA, EVE, and HMI science teams. Die aktuelle Wetterlage in Osnabr\u00fcck Astronomische Wetterprognose f\u00fcr Osnabr\u00fcck Aktuelle Position auf der Flugbahn der internationalen Raumstation Sichtbarkeit der ISS \u00fcber [&hellip;]<\/p>\n","protected":false},"author":1,"featured_media":0,"parent":1064,"menu_order":0,"comment_status":"closed","ping_status":"closed","template":"","meta":{"_eb_attr":"","footnotes":""},"class_list":["post-2758","page","type-page","status-publish","hentry"],"_links":{"self":[{"href":"https:\/\/kosmos-os.de\/en\/wp-json\/wp\/v2\/pages\/2758","targetHints":{"allow":["GET"]}}],"collection":[{"href":"https:\/\/kosmos-os.de\/en\/wp-json\/wp\/v2\/pages"}],"about":[{"href":"https:\/\/kosmos-os.de\/en\/wp-json\/wp\/v2\/types\/page"}],"author":[{"embeddable":true,"href":"https:\/\/kosmos-os.de\/en\/wp-json\/wp\/v2\/users\/1"}],"replies":[{"embeddable":true,"href":"https:\/\/kosmos-os.de\/en\/wp-json\/wp\/v2\/comments?post=2758"}],"version-history":[{"count":11,"href":"https:\/\/kosmos-os.de\/en\/wp-json\/wp\/v2\/pages\/2758\/revisions"}],"predecessor-version":[{"id":7599,"href":"https:\/\/kosmos-os.de\/en\/wp-json\/wp\/v2\/pages\/2758\/revisions\/7599"}],"up":[{"embeddable":true,"href":"https:\/\/kosmos-os.de\/en\/wp-json\/wp\/v2\/pages\/1064"}],"wp:attachment":[{"href":"https:\/\/kosmos-os.de\/en\/wp-json\/wp\/v2\/media?parent=2758"}],"curies":[{"name":"wp","href":"https:\/\/api.w.org\/{rel}","templated":true}]}}