{"id":3961,"date":"2024-02-19T14:29:18","date_gmt":"2024-02-19T13:29:18","guid":{"rendered":"https:\/\/kosmos-os.de\/?page_id=3961"},"modified":"2024-12-09T09:26:48","modified_gmt":"2024-12-09T08:26:48","slug":"sternbilder","status":"publish","type":"page","link":"https:\/\/kosmos-os.de\/en\/berichte-und-beobachtungen\/sternbilder\/","title":{"rendered":"Constellations"},"content":{"rendered":"\n<p><br><\/p>\n\n\n\n<p>Seit die Menschen den Himmel betrachten, waren die Sterne ein fester Bestandteil der Orientierung, der Jahresplanung und der kulturellen Ereignisse. So zeugt z.B. die Himmelsscheibe von Nebra <a href=\"https:\/\/de.wikipedia.org\/wiki\/Himmelsscheibe_von_Nebra\" target=\"_blank\" rel=\"noreferrer noopener\">[1]<\/a> von der Bedeutung und Nutzung des Sternenhimmels schon vor ca. 4000 Jahren! <\/p>\n\n\n\n<p>Das Problem der Nutzung des Sternenhimmels liegt heute neben der Lichtverschmutzung unseres Himmels in der Vielzahl der Sterne an sich begr\u00fcndet. Je nach Standort k\u00f6nnen mit blo\u00dfem Auge ca. 6000 bis 6500  Sterne gesehen werden &#8211; da f\u00e4llt es schwer, einzelne Sterne zu identifizieren. Daher haben die Menschen schon sehr fr\u00fch begonnen, die Sterne in Bildern zusammenzufassen, die dann mit nachvollziehbaren Geschichten verkn\u00fcpft wurden. So entstanden in unterschiedlichen Kulturen unterschiedliche &#8222;Sternbilder&#8220;, die Teile der eigenen Geschichte oder Mythologie widerspiegelten. <\/p>\n\n\n\n<p>Heute hat man sich international auf 88 Sternbilder geeinigt, die 1922 von der Internationalen Astronomischen Union (IAU) <a href=\"https:\/\/de.wikipedia.org\/wiki\/Internationale_Astronomische_Union\" target=\"_blank\" rel=\"noreferrer noopener\">[2]<\/a> festgelegt und bis 1930 benannt wurden, wobei man sich an den lateinischen bzw. latinisierten, historischen Namen orientiert hat und diese mit einem aus drei Buchstaben bestehenden K\u00fcrzel versehen hat.<\/p>\n\n\n\n<p>Auch die jeweiligen Grenzen der Sternbilder wurden 1928 durch die IAU festgelegt, sodass jeder einzelne Stern einem Sternbild eindeutig zugeordnet werden konnte. <\/p>\n\n\n\n<p>Auf den folgenden Seiten wollen wir nach und nach unterschiedliche Sternbilder und deren Sterne bzw. Objekte n\u00e4her beleuchten und interessante Fakten und Bilder zu diesen Objekten aufzeigen.<\/p>\n\n\n\n<p><br><\/p>\n\n\n\n<p>Hier geht es zu den einzelnen Beitr\u00e4gen im Bereich Sternbilder:<\/p>\n\n\n\n<p><br><strong>Corona Borealis<\/strong>:<\/p>\n\n\n<ul class=\"wp-block-latest-posts__list wp-block-latest-posts\"><li><div class=\"wp-block-latest-posts__featured-image alignright\"><a href=\"https:\/\/kosmos-os.de\/en\/photometrie-auf-dem-itv\/\" aria-label=\"Photometrie auf dem ITV\"><img loading=\"lazy\" decoding=\"async\" width=\"150\" height=\"150\" src=\"https:\/\/kosmos-os.de\/wp-content\/uploads\/2025\/06\/AA8-Sternenfeld-klein-150x150.jpg\" class=\"attachment-thumbnail size-thumbnail wp-post-image\" alt=\"\" style=\"max-width:300px;\" srcset=\"https:\/\/kosmos-os.de\/wp-content\/uploads\/2025\/06\/AA8-Sternenfeld-klein-150x150.jpg 150w, https:\/\/kosmos-os.de\/wp-content\/uploads\/2025\/06\/AA8-Sternenfeld-klein-11x12.jpg 11w\" sizes=\"auto, (max-width: 150px) 100vw, 150px\" \/><\/a><\/div><a class=\"wp-block-latest-posts__post-title\" href=\"https:\/\/kosmos-os.de\/en\/photometrie-auf-dem-itv\/\">Photometrie auf dem ITV<\/a><div class=\"wp-block-latest-posts__post-excerpt\">Der ver\u00e4nderliche Stern T Coronae Borealis im Sternbild N\u00f6rdliche Krone ist im Augenblick von Interesse, da er nicht nur in der Helligkeit regelm\u00e4\u00dfig schwankt, sondern weil in n\u00e4chster Zeit ein Nova-Ereignis bevorsteht. Auf dem ITV 2025 in Gedern konnte ich eine Nacht nutzen, um diesen spannenden Stern zu photometrieren.<\/div><\/li>\n<li><div class=\"wp-block-latest-posts__featured-image alignright\"><a href=\"https:\/\/kosmos-os.de\/en\/die-noerdliche-krone\/\" aria-label=\"Corona Borealis &#8211; Die N\u00f6rdliche Krone\"><img loading=\"lazy\" decoding=\"async\" width=\"150\" height=\"150\" src=\"https:\/\/kosmos-os.de\/wp-content\/uploads\/2024\/05\/CrB_de-150x150.png\" class=\"attachment-thumbnail size-thumbnail wp-post-image\" alt=\"\" style=\"max-width:300px;\" \/><\/a><\/div><a class=\"wp-block-latest-posts__post-title\" href=\"https:\/\/kosmos-os.de\/en\/die-noerdliche-krone\/\">Corona Borealis &#8211; Die N\u00f6rdliche Krone<\/a><div class=\"wp-block-latest-posts__post-excerpt\">Das Sternbild N\u00f6rdliche Krone oder Corona Borealis ist leicht zwischen den Sternbildern B\u00e4renh\u00fcter (Bootes) und Herkules zu finden. Es zeigt eine gut erkennbare, nach oben ge\u00f6ffnete Ringstruktur, die von sieben relativ gut erkennbaren Sternen gebildet wird. Wir finden hier sehr interessante Sterne&#8230;<\/div><\/li>\n<\/ul>\n\n<ul class=\"wp-block-latest-posts__list wp-block-latest-posts\"><li><div class=\"wp-block-latest-posts__featured-image alignright\"><a href=\"https:\/\/kosmos-os.de\/en\/t-coronae-borealis-die-nova-in-spe\/\" aria-label=\"T Coronae Borealis &#8211; Die Nova in spe\"><img loading=\"lazy\" decoding=\"async\" width=\"150\" height=\"150\" src=\"https:\/\/kosmos-os.de\/wp-content\/uploads\/2024\/05\/Screenshot-AAVSO-T-CrB-1.1.1945-1.1.1947-150x150.png\" class=\"attachment-thumbnail size-thumbnail wp-post-image\" alt=\"\" style=\"max-width:300px;\" \/><\/a><\/div><a class=\"wp-block-latest-posts__post-title\" href=\"https:\/\/kosmos-os.de\/en\/t-coronae-borealis-die-nova-in-spe\/\">T Coronae Borealis &#8211; Die Nova in spe<\/a><div class=\"wp-block-latest-posts__post-excerpt\">Ein Stern im Sternbild N\u00f6rdliche Krone wird beschrieben, f\u00fcr den in diesem Jahr 2024 ein drastischer Helligkeitsanstieg zu erwarten ist. Es wird auf die historischen Ereignisse dieser Nova, aber vor allem auf den heutigen Stand des Wissens \u00fcber diesen regelm\u00e4\u00dfig etwa alle 80 Jahre aufleuchtenden Stern eingegangen. <\/div><\/li>\n<\/ul>\n\n\n<p><\/p>\n\n\n\n<p><strong>Orion<\/strong>:<br><\/p>\n\n\n\n<p><\/p>\n\n\n<ul class=\"wp-block-latest-posts__list wp-block-latest-posts\"><li><div class=\"wp-block-latest-posts__featured-image alignright\"><a href=\"https:\/\/kosmos-os.de\/en\/der-orion-und-seine-umgebung\/\" aria-label=\"Der Orion und seine Umgebung\"><img loading=\"lazy\" decoding=\"async\" width=\"150\" height=\"150\" src=\"https:\/\/kosmos-os.de\/wp-content\/uploads\/2024\/03\/Wintersechseck2-150x150.png\" class=\"attachment-thumbnail size-thumbnail wp-post-image\" alt=\"\" style=\"max-width:300px;\" \/><\/a><\/div><a class=\"wp-block-latest-posts__post-title\" href=\"https:\/\/kosmos-os.de\/en\/der-orion-und-seine-umgebung\/\">Der Orion und seine Umgebung<\/a><div class=\"wp-block-latest-posts__post-excerpt\">Das Wintersechseck besteht aus den sehr hellen Sternen Capella im Sternbild Fuhrmann, Aldebaran im Stier, Rigel im Orion, Sirius im Gro\u00dfen Hund, Prokyon im Kleinen Hund und Pollux in den Zwillingen \u2013 am Himmel bilden diese Sterne ein sch\u00f6nes Sechseck, in dessen Mitte der Orion zu finden ist.<\/div><\/li>\n<\/ul>\n\n<ul class=\"wp-block-latest-posts__list wp-block-latest-posts\"><li><div class=\"wp-block-latest-posts__featured-image alignright\"><a href=\"https:\/\/kosmos-os.de\/en\/der-de-mairan-nebel-m-43\/\" aria-label=\"Der De Mairan Nebel &#8211; M 43\"><img loading=\"lazy\" decoding=\"async\" width=\"150\" height=\"150\" src=\"https:\/\/kosmos-os.de\/wp-content\/uploads\/2024\/03\/M43-150x150.png\" class=\"attachment-thumbnail size-thumbnail wp-post-image\" alt=\"\" style=\"max-width:300px;max-height:300px;\" srcset=\"https:\/\/kosmos-os.de\/wp-content\/uploads\/2024\/03\/M43-150x150.png 150w, https:\/\/kosmos-os.de\/wp-content\/uploads\/2024\/03\/M43-11x12.png 11w\" sizes=\"auto, (max-width: 150px) 100vw, 150px\" \/><\/a><\/div><a class=\"wp-block-latest-posts__post-title\" href=\"https:\/\/kosmos-os.de\/en\/der-de-mairan-nebel-m-43\/\">Der De Mairan Nebel &#8211; M 43<\/a><div class=\"wp-block-latest-posts__post-excerpt\">Der direkt an den Gro\u00dfen Orionnebel angrenzende De Mairan Nebel wird bei der Beobachtung der Gesamtregion um das Sternbild Orion oft gar nicht erw\u00e4hnt. Doch er ist wom\u00f6glich die Ursache f\u00fcr die spektakul\u00e4r leuchtenden HII Regionen am Schwert des Orion.<\/div><\/li>\n<li><div class=\"wp-block-latest-posts__featured-image alignright\"><a href=\"https:\/\/kosmos-os.de\/en\/der-pferdekopfnebel-im-orion\/\" aria-label=\"Der Pferdekopfnebel im Orion &#8211; B33\"><img loading=\"lazy\" decoding=\"async\" width=\"150\" height=\"150\" src=\"https:\/\/kosmos-os.de\/wp-content\/uploads\/2024\/03\/Alnitak-session_1_GraXpert-csc-sr-St-beschn-verkl-150x150.jpg\" class=\"attachment-thumbnail size-thumbnail wp-post-image\" alt=\"\" style=\"max-width:300px;max-height:300px;\" \/><\/a><\/div><a class=\"wp-block-latest-posts__post-title\" href=\"https:\/\/kosmos-os.de\/en\/der-pferdekopfnebel-im-orion\/\">Der Pferdekopfnebel im Orion &#8211; B33<\/a><div class=\"wp-block-latest-posts__post-excerpt\">Das der Erde am n\u00e4chsten gelegene aktive Sternentstehungsgebiet liegt im Sternbild Orion im sog. Pferdekopfnebel. In den vergangenen zwei Jahrzehnten ist sehr viel Forschungsarbeit aufgewandt worden, um seinen strukturellen Aufbau und die in ihm wirkenden Mechanismen zu erg\u00fcnden.<\/div><\/li>\n<li><div class=\"wp-block-latest-posts__featured-image alignright\"><a href=\"https:\/\/kosmos-os.de\/en\/der-stern-beteigeuze-ein-roter-ueberriese\/\" aria-label=\"Der Stern Beteigeuze &#8211; ein Roter \u00dcberriese\"><img loading=\"lazy\" decoding=\"async\" width=\"150\" height=\"150\" src=\"https:\/\/kosmos-os.de\/wp-content\/uploads\/2024\/02\/Orion-Icon-jpg-150x150.jpg\" class=\"attachment-thumbnail size-thumbnail wp-post-image\" alt=\"\" style=\"max-width:300px;max-height:300px;\" \/><\/a><\/div><a class=\"wp-block-latest-posts__post-title\" href=\"https:\/\/kosmos-os.de\/en\/der-stern-beteigeuze-ein-roter-ueberriese\/\">Der Stern Beteigeuze &#8211; ein Roter \u00dcberriese<\/a><div class=\"wp-block-latest-posts__post-excerpt\">Beteigeuze, der linke Schulterstern des Orion, ist ein Roter \u00dcberriese, der sp\u00e4testens nach seiner deutlichen Verdunkelung Ende 2019 in den Fokus der Wissenschaft und nat\u00fcrlich auch der Amateurastronomie ger\u00fcckt ist. In dieser Zusammenfassung soll der aktuelle Stand der Fakten zu Beteigeuze dargestellt werden.<\/div><\/li>\n<li><div class=\"wp-block-latest-posts__featured-image alignright\"><a href=\"https:\/\/kosmos-os.de\/en\/der-orionnebel-m42\/\" aria-label=\"Der Orionnebel &#8211; M42\"><img loading=\"lazy\" decoding=\"async\" width=\"150\" height=\"150\" src=\"https:\/\/kosmos-os.de\/wp-content\/uploads\/2024\/02\/2024-01-08_09-M42-APO80_600-QHY268-G60-Offs20-10Grad-477L-je159RGB-astrart-ddp-tif-photoshop-hlvg-Gerold-Holtkamp-150x150.jpg\" class=\"attachment-thumbnail size-thumbnail wp-post-image\" alt=\"\" style=\"max-width:300px;max-height:300px;\" \/><\/a><\/div><a class=\"wp-block-latest-posts__post-title\" href=\"https:\/\/kosmos-os.de\/en\/der-orionnebel-m42\/\">Der Orionnebel &#8211; M42<\/a><div class=\"wp-block-latest-posts__post-excerpt\">Der Orionnebel oder M42 ist wohl eines der markantesten und damit auch bekanntesten Objekte am n\u00e4chtlichen Winterhimmel.<\/div><\/li>\n<\/ul>\n\n\n<p><br><\/p>\n\n\n\n<p><br><\/p>\n\n\n\n<p>Quellen:<\/p>\n\n\n\n<p>[1] <a href=\"https:\/\/de.wikipedia.org\/wiki\/Himmelsscheibe_von_Nebra\" data-type=\"link\" data-id=\"https:\/\/de.wikipedia.org\/wiki\/Himmelsscheibe_von_Nebra\" target=\"_blank\" rel=\"noreferrer noopener\">Himmelsscheibe von Nebra: https:\/\/de.wikipedia.org\/wiki\/Himmelsscheibe_von_Nebra<\/a><\/p>\n\n\n\n<p><\/p>\n\n\n\n<p>[2] <a href=\"https:\/\/de.wikipedia.org\/wiki\/Internationale_Astronomische_Union\" target=\"_blank\" rel=\"noreferrer noopener\">IAU https:\/\/de.wikipedia.org\/wiki\/Internationale_Astronomische_Union<\/a><\/p>\n","protected":false},"excerpt":{"rendered":"<p>Seit die Menschen den Himmel betrachten, waren die Sterne ein fester Bestandteil der Orientierung, der Jahresplanung und der kulturellen Ereignisse. So zeugt z.B. die Himmelsscheibe von Nebra [1] von der Bedeutung und Nutzung des Sternenhimmels schon vor ca. 4000 Jahren! Das Problem der Nutzung des Sternenhimmels liegt heute neben der Lichtverschmutzung unseres Himmels in der [&hellip;]<\/p>\n","protected":false},"author":1,"featured_media":0,"parent":1075,"menu_order":0,"comment_status":"closed","ping_status":"closed","template":"","meta":{"_eb_attr":"","footnotes":""},"class_list":["post-3961","page","type-page","status-publish","hentry"],"_links":{"self":[{"href":"https:\/\/kosmos-os.de\/en\/wp-json\/wp\/v2\/pages\/3961","targetHints":{"allow":["GET"]}}],"collection":[{"href":"https:\/\/kosmos-os.de\/en\/wp-json\/wp\/v2\/pages"}],"about":[{"href":"https:\/\/kosmos-os.de\/en\/wp-json\/wp\/v2\/types\/page"}],"author":[{"embeddable":true,"href":"https:\/\/kosmos-os.de\/en\/wp-json\/wp\/v2\/users\/1"}],"replies":[{"embeddable":true,"href":"https:\/\/kosmos-os.de\/en\/wp-json\/wp\/v2\/comments?post=3961"}],"version-history":[{"count":10,"href":"https:\/\/kosmos-os.de\/en\/wp-json\/wp\/v2\/pages\/3961\/revisions"}],"predecessor-version":[{"id":6029,"href":"https:\/\/kosmos-os.de\/en\/wp-json\/wp\/v2\/pages\/3961\/revisions\/6029"}],"up":[{"embeddable":true,"href":"https:\/\/kosmos-os.de\/en\/wp-json\/wp\/v2\/pages\/1075"}],"wp:attachment":[{"href":"https:\/\/kosmos-os.de\/en\/wp-json\/wp\/v2\/media?parent=3961"}],"curies":[{"name":"wp","href":"https:\/\/api.w.org\/{rel}","templated":true}]}}