{"id":7080,"date":"2025-12-10T16:36:36","date_gmt":"2025-12-10T15:36:36","guid":{"rendered":"https:\/\/kosmos-os.de\/?page_id=7080"},"modified":"2026-03-15T18:47:49","modified_gmt":"2026-03-15T17:47:49","slug":"transitlichtkurven-von-exoplaneten-in-externen-datenbanken","status":"publish","type":"page","link":"https:\/\/kosmos-os.de\/en\/transitlichtkurven-von-exoplaneten-in-externen-datenbanken\/","title":{"rendered":"Transitlichtkurven von Exoplaneten in externen Datenbanken"},"content":{"rendered":"<p><strong>in alphabetical order<\/strong><\/p>\n\n\n\n<p><br><\/p>\n\n\n\n<p>Ab dem 17. Aug. 2025&nbsp; werden unsere Messungen der Transitlichtkurven von Exoplaneten wegen der mittlerweile gro\u00dfen Zahl auf unserer Homepage meist nicht mehr in einzelnen Beitr\u00e4gen dargestellt. Man kann diese Messungen aber in \u00f6ffentlich zug\u00e4nglichen Datenbanken aufrufen. Bei besonders interessanten Objekten erscheint weiter ein Beitrag auf unserer Homepage.<br><\/p>\n\n\n\n<p><a href=\"https:\/\/www.exoclock.space\/database\/observations\/TOI-2152Ab_2831_2026-03-09_Gerold_3251_Lum\/\" target=\"_blank\" rel=\"noreferrer noopener\">TOI-2152Ab, 9.3.2026<\/a><\/p>\n\n\n\n<p><a href=\"https:\/\/www.exoclock.space\/database\/observations\/TOI-4145Ab_2351_2026-03-05_Gerold_3234_Lum\/\" target=\"_blank\" rel=\"noreferrer noopener\">TOI-4145Ab, 5.3.2026<\/a><\/p>\n\n\n\n<p><a href=\"https:\/\/www.exoclock.space\/database\/observations\/WASP-12b_8758_2026-03-04_Gerold_3234_Lum\/\" target=\"_blank\" rel=\"noreferrer noopener\">Wasp-12b, 4.3.2026<\/a><\/p>\n\n\n\n<p><a href=\"https:\/\/www.exoclock.space\/database\/observations\/WASP-12b_8694_2025-12-25_Gerold_3251_Lum\/\" target=\"_blank\" rel=\"noreferrer noopener\">Wasp-12b, 25.12.2025<\/a><\/p>\n\n\n\n<p><a href=\"https:\/\/www.exoclock.space\/database\/observations\/WASP-52b_5423_2025-12-24_Gerold_3251_Lum\/\" target=\"_blank\" rel=\"noreferrer noopener\">Wasp-52b, 24.12.2025<\/a><br><a href=\"https:\/\/www.exoclock.space\/database\/observations\/TrES-5b_6395_2025-12-15_Gerold_3251_Lum\" target=\"_blank\" rel=\"noreferrer noopener\">TrES-5b, 15.12.2025<\/a><\/p>\n\n\n\n<p><a href=\"https:\/\/www.exoclock.space\/database\/observations\/HAT-P-59b_2270_2025-10-01_Gerold_3251_Lum\" target=\"_blank\" rel=\"noreferrer noopener\">HAT-P-59b, 1.10.2025 <\/a><\/p>\n\n\n\n<p><a href=\"https:\/\/www.exoclock.space\/database\/observations\/Kepler-12b_2109_2025-08-18_Gerold_3234_Lum\" target=\"_blank\" rel=\"noreferrer noopener\">Kepler-12b, 18.8.2025<\/a> <\/p>\n\n\n\n<p><a href=\"https:\/\/www.exoclock.space\/database\/observations\/TOI-1296b_2381_2025-09-19_Gerold_3251_Lum\" target=\"_blank\" rel=\"noreferrer noopener\">TOI-1296b, 19.9.2025<\/a> <\/p>\n\n\n\n<p><a href=\"https:\/\/www.exoclock.space\/database\/observations\/TrES-1b_3089_2025-08-19_Gerold_3234_Lum\" target=\"_blank\" rel=\"noreferrer noopener\">TrES-1b, 19.8.2025<\/a> <\/p>\n\n\n\n<p><a href=\"https:\/\/www.exoclock.space\/database\/observations\/Qatar-1b_6624_2025-10-02_Gerold_3251_Lum\" target=\"_blank\" rel=\"noreferrer noopener\">Qatar-1b, 2.10.2025<\/a> <\/p>\n\n\n\n<p><a href=\"https:\/\/www.exoclock.space\/database\/observations\/Qatar-4b_5184_2025-08-17_Gerold_3234_Lum\" target=\"_blank\" rel=\"noreferrer noopener\">Qatar-4b, 17.8.2025<\/a> <\/p>\n\n\n\n<p><\/p>","protected":false},"excerpt":{"rendered":"<p>alphabetisch geordnet Ab dem 17. Aug. 2025&nbsp; werden unsere Messungen der Transitlichtkurven von Exoplaneten wegen der mittlerweile gro\u00dfen Zahl auf unserer Homepage meist nicht mehr in einzelnen Beitr\u00e4gen dargestellt. Man kann diese Messungen aber in \u00f6ffentlich zug\u00e4nglichen Datenbanken aufrufen. Bei besonders interessanten Objekten erscheint weiter ein Beitrag auf unserer Homepage. TOI-2152Ab, 9.3.2026 TOI-4145Ab, 5.3.2026 Wasp-12b, [&hellip;]<\/p>\n","protected":false},"author":2,"featured_media":0,"parent":0,"menu_order":0,"comment_status":"closed","ping_status":"closed","template":"","meta":{"_eb_attr":"","footnotes":""},"class_list":["post-7080","page","type-page","status-publish","hentry"],"_links":{"self":[{"href":"https:\/\/kosmos-os.de\/en\/wp-json\/wp\/v2\/pages\/7080","targetHints":{"allow":["GET"]}}],"collection":[{"href":"https:\/\/kosmos-os.de\/en\/wp-json\/wp\/v2\/pages"}],"about":[{"href":"https:\/\/kosmos-os.de\/en\/wp-json\/wp\/v2\/types\/page"}],"author":[{"embeddable":true,"href":"https:\/\/kosmos-os.de\/en\/wp-json\/wp\/v2\/users\/2"}],"replies":[{"embeddable":true,"href":"https:\/\/kosmos-os.de\/en\/wp-json\/wp\/v2\/comments?post=7080"}],"version-history":[{"count":10,"href":"https:\/\/kosmos-os.de\/en\/wp-json\/wp\/v2\/pages\/7080\/revisions"}],"predecessor-version":[{"id":7340,"href":"https:\/\/kosmos-os.de\/en\/wp-json\/wp\/v2\/pages\/7080\/revisions\/7340"}],"wp:attachment":[{"href":"https:\/\/kosmos-os.de\/en\/wp-json\/wp\/v2\/media?parent=7080"}],"curies":[{"name":"wp","href":"https:\/\/api.w.org\/{rel}","templated":true}]}}