{"id":7120,"date":"2026-01-05T14:53:05","date_gmt":"2026-01-05T13:53:05","guid":{"rendered":"https:\/\/kosmos-os.de\/?page_id=7120"},"modified":"2026-03-22T09:57:02","modified_gmt":"2026-03-22T08:57:02","slug":"atmosphaerische-phaenomene","status":"publish","type":"page","link":"https:\/\/kosmos-os.de\/en\/atmosphaerische-phaenomene\/","title":{"rendered":"Atmospheric phenomena"},"content":{"rendered":"<p>Himmelserscheinungen hat sicher jeder schon einmal gesehen. Dabei geht es nicht nur um Wolkenformationen oder ein sch\u00f6nes Abendrot. F\u00fcr einen aufmerksamen Beobachter bietet der Himmel weitaus mehr an Farben und Formen. Schon mit einfachen Kameras kann man diese teilweise beeindruckenden Himmelserscheinungen im Foto festhalten. Jeder kann das. Man muss einfach nur mal \u00f6fter nach oben schauen. Wir von kosmos-os besch\u00e4ftigen uns als Astronomen zwar auch mit dem Himmel \u00fcber uns, aber meist sind unsere Beobachtungsobjekte sehr weit entfernt, so weit, dass ihr ausgesandtes Licht oft sogar Millionen oder Milliarden von Jahren braucht, um zu uns zu gelangen. Wir sind allerdings &nbsp;auch aufmerksame Beobachter von Himmelserscheinungen, die in unserer Erdatmosph\u00e4re entstehen. Viele dieser spektakul\u00e4ren Ph\u00e4nomene konnten wir von kosmos-os &nbsp;im Bild festhalten.<\/p>\n\n\n\n<p><br><\/p>\n\n\n\n<p>These phenomena include:<\/p>\n\n\n\n<div class=\"wp-block-columns is-layout-flex wp-container-core-columns-is-layout-28f84493 wp-block-columns-is-layout-flex\">\n<div class=\"wp-block-column is-layout-flow wp-block-column-is-layout-flow\">\n<p><a href=\"https:\/\/kosmos-os.de\/en\/atmosphaerische-phaenomene\/blitze\/\" data-type=\"page\" data-id=\"7207\" target=\"_blank\" rel=\"noreferrer noopener\"><\/a><a href=\"https:\/\/kosmos-os.de\/en\/atmosphaerische-phaenomene\/abend-und-morgenrot\/\" data-type=\"page\" data-id=\"7200\" target=\"_blank\" rel=\"noreferrer noopener\">Afterglow and Dawn<\/a><\/p>\n<\/div>\n\n\n\n<div class=\"wp-block-column is-layout-flow wp-block-column-is-layout-flow\">\n<figure class=\"wp-block-image size-full\"><a href=\"https:\/\/kosmos-os.de\/en\/atmosphaerische-phaenomene\/abend-und-morgenrot\/\"><img loading=\"lazy\" decoding=\"async\" width=\"561\" height=\"374\" src=\"https:\/\/kosmos-os.de\/wp-content\/uploads\/2026\/02\/image.png\" alt=\"\" class=\"wp-image-7201\" srcset=\"https:\/\/kosmos-os.de\/wp-content\/uploads\/2026\/02\/image.png 561w, https:\/\/kosmos-os.de\/wp-content\/uploads\/2026\/02\/image-300x200.png 300w, https:\/\/kosmos-os.de\/wp-content\/uploads\/2026\/02\/image-18x12.png 18w\" sizes=\"auto, (max-width: 561px) 100vw, 561px\" \/><\/a><\/figure>\n<\/div>\n<\/div>\n\n\n\n<p><br><\/p>\n\n\n\n<div class=\"wp-block-columns is-layout-flex wp-container-core-columns-is-layout-28f84493 wp-block-columns-is-layout-flex\">\n<div class=\"wp-block-column is-layout-flow wp-block-column-is-layout-flow\">\n<p><a href=\"https:\/\/kosmos-os.de\/en\/atmosphaerische-phaenomene\/blitze\/\" data-type=\"page\" data-id=\"7207\" target=\"_blank\" rel=\"noreferrer noopener\">Lightning<\/a><\/p>\n<\/div>\n\n\n\n<div class=\"wp-block-column is-layout-flow wp-block-column-is-layout-flow\">\n<figure class=\"wp-block-image size-full\"><a href=\"\/en\/blitze\/\"><img loading=\"lazy\" decoding=\"async\" width=\"575\" height=\"394\" src=\"https:\/\/kosmos-os.de\/wp-content\/uploads\/2026\/02\/image-3.png\" alt=\"\" class=\"wp-image-7208\" srcset=\"https:\/\/kosmos-os.de\/wp-content\/uploads\/2026\/02\/image-3.png 575w, https:\/\/kosmos-os.de\/wp-content\/uploads\/2026\/02\/image-3-300x206.png 300w, https:\/\/kosmos-os.de\/wp-content\/uploads\/2026\/02\/image-3-18x12.png 18w\" sizes=\"auto, (max-width: 575px) 100vw, 575px\" \/><\/a><\/figure>\n<\/div>\n<\/div>\n\n\n\n<p><br><\/p>\n\n\n\n<div class=\"wp-block-columns is-layout-flex wp-container-core-columns-is-layout-28f84493 wp-block-columns-is-layout-flex\">\n<div class=\"wp-block-column is-layout-flow wp-block-column-is-layout-flow\">\n<p><a href=\"https:\/\/kosmos-os.de\/en\/atmosphaerische-phaenomene\/blitze\/\" data-type=\"page\" data-id=\"7207\" target=\"_blank\" rel=\"noreferrer noopener\"><\/a><a href=\"https:\/\/kosmos-os.de\/en\/atmosphaerische-phaenomene\/nachtleuchtende-wolken\/\" data-type=\"page\" data-id=\"7222\" target=\"_blank\" rel=\"noreferrer noopener\"><\/a><a href=\"https:\/\/kosmos-os.de\/en\/atmosphaerische-phaenomene\/halos\/\" data-type=\"page\" data-id=\"7231\" target=\"_blank\" rel=\"noreferrer noopener\">Halos<\/a><\/p>\n<\/div>\n\n\n\n<div class=\"wp-block-column is-layout-flow wp-block-column-is-layout-flow\">\n<figure class=\"wp-block-image size-full is-resized\"><a href=\"https:\/\/kosmos-os.de\/en\/atmosphaerische-phaenomene\/halos\/\"><img loading=\"lazy\" decoding=\"async\" width=\"420\" height=\"280\" src=\"https:\/\/kosmos-os.de\/wp-content\/uploads\/2026\/02\/image-12.png\" alt=\"\" class=\"wp-image-7233\" style=\"width:490px;height:auto\" srcset=\"https:\/\/kosmos-os.de\/wp-content\/uploads\/2026\/02\/image-12.png 420w, https:\/\/kosmos-os.de\/wp-content\/uploads\/2026\/02\/image-12-300x200.png 300w, https:\/\/kosmos-os.de\/wp-content\/uploads\/2026\/02\/image-12-18x12.png 18w\" sizes=\"auto, (max-width: 420px) 100vw, 420px\" \/><\/a><\/figure>\n<\/div>\n<\/div>\n\n\n\n<p><br><\/p>\n\n\n\n<div class=\"wp-block-columns is-layout-flex wp-container-core-columns-is-layout-28f84493 wp-block-columns-is-layout-flex\">\n<div class=\"wp-block-column is-layout-flow wp-block-column-is-layout-flow\">\n<p><a href=\"https:\/\/kosmos-os.de\/en\/atmosphaerische-phaenomene\/nachtleuchtende-wolken\/\">Noctilucent clouds<\/a><\/p>\n<\/div>\n\n\n\n<div class=\"wp-block-column is-layout-flow wp-block-column-is-layout-flow\">\n<figure class=\"wp-block-image size-full\"><a href=\"https:\/\/kosmos-os.de\/en\/atmosphaerische-phaenomene\/nachtleuchtende-wolken\/\"><img loading=\"lazy\" decoding=\"async\" width=\"628\" height=\"418\" src=\"https:\/\/kosmos-os.de\/wp-content\/uploads\/2026\/02\/image-10.png\" alt=\"\" class=\"wp-image-7226\" srcset=\"https:\/\/kosmos-os.de\/wp-content\/uploads\/2026\/02\/image-10.png 628w, https:\/\/kosmos-os.de\/wp-content\/uploads\/2026\/02\/image-10-300x200.png 300w, https:\/\/kosmos-os.de\/wp-content\/uploads\/2026\/02\/image-10-18x12.png 18w\" sizes=\"auto, (max-width: 628px) 100vw, 628px\" \/><\/a><\/figure>\n<\/div>\n<\/div>\n\n\n\n<p><br><\/p>\n\n\n\n<div class=\"wp-block-columns is-layout-flex wp-container-core-columns-is-layout-28f84493 wp-block-columns-is-layout-flex\">\n<div class=\"wp-block-column is-layout-flow wp-block-column-is-layout-flow\">\n<p><a href=\"https:\/\/kosmos-os.de\/en\/atmosphaerische-phaenomene\/blitze\/\" data-type=\"page\" data-id=\"7207\" target=\"_blank\" rel=\"noreferrer noopener\"><\/a><a href=\"https:\/\/kosmos-os.de\/en\/atmosphaerische-phaenomene\/nachtleuchtende-wolken\/\" data-type=\"page\" data-id=\"7222\" target=\"_blank\" rel=\"noreferrer noopener\"><\/a><a href=\"https:\/\/kosmos-os.de\/en\/atmosphaerische-phaenomene\/nebensonnen\/\" data-type=\"page\" data-id=\"7235\" target=\"_blank\" rel=\"noreferrer noopener\"><\/a><a href=\"https:\/\/kosmos-os.de\/en\/polarlichter\/\">Met<\/a><a href=\"https:\/\/kosmos-os.de\/en\/atmosphaerische-phaenomene\/meteore\/\" data-type=\"page\" data-id=\"7254\" target=\"_blank\" rel=\"noreferrer noopener\">e<\/a><a href=\"https:\/\/kosmos-os.de\/en\/atmosphaerische-phaenomene\/blitze\/\" data-type=\"page\" data-id=\"7207\" target=\"_blank\" rel=\"noreferrer noopener\"><\/a><a href=\"https:\/\/kosmos-os.de\/en\/atmosphaerische-phaenomene\/nachtleuchtende-wolken\/\" data-type=\"page\" data-id=\"7222\" target=\"_blank\" rel=\"noreferrer noopener\"><\/a><a href=\"https:\/\/kosmos-os.de\/en\/atmosphaerische-phaenomene\/nebensonnen\/\" data-type=\"page\" data-id=\"7235\" target=\"_blank\" rel=\"noreferrer noopener\"><\/a><a href=\"https:\/\/kosmos-os.de\/en\/polarlichter\/\">ore<\/a><\/p>\n<\/div>\n\n\n\n<div class=\"wp-block-column is-layout-flow wp-block-column-is-layout-flow\">\n<figure class=\"wp-block-image size-full\"><a href=\"https:\/\/kosmos-os.de\/en\/atmosphaerische-phaenomene\/meteore\/\"><img loading=\"lazy\" decoding=\"async\" width=\"980\" height=\"624\" src=\"https:\/\/kosmos-os.de\/wp-content\/uploads\/2024\/08\/2024-08-012-Perseide-Lechtingen-980x624-1.jpg\" alt=\"\" class=\"wp-image-5302\" srcset=\"https:\/\/kosmos-os.de\/wp-content\/uploads\/2024\/08\/2024-08-012-Perseide-Lechtingen-980x624-1.jpg 980w, https:\/\/kosmos-os.de\/wp-content\/uploads\/2024\/08\/2024-08-012-Perseide-Lechtingen-980x624-1-300x191.jpg 300w, https:\/\/kosmos-os.de\/wp-content\/uploads\/2024\/08\/2024-08-012-Perseide-Lechtingen-980x624-1-768x489.jpg 768w, https:\/\/kosmos-os.de\/wp-content\/uploads\/2024\/08\/2024-08-012-Perseide-Lechtingen-980x624-1-18x12.jpg 18w, https:\/\/kosmos-os.de\/wp-content\/uploads\/2024\/08\/2024-08-012-Perseide-Lechtingen-980x624-1-500x318.jpg 500w, https:\/\/kosmos-os.de\/wp-content\/uploads\/2024\/08\/2024-08-012-Perseide-Lechtingen-980x624-1-800x509.jpg 800w\" sizes=\"auto, (max-width: 980px) 100vw, 980px\" \/><\/a><\/figure>\n<\/div>\n<\/div>\n\n\n\n<p><br><\/p>\n\n\n\n<div class=\"wp-block-columns is-layout-flex wp-container-core-columns-is-layout-28f84493 wp-block-columns-is-layout-flex\">\n<div class=\"wp-block-column is-layout-flow wp-block-column-is-layout-flow\">\n<p><a href=\"https:\/\/kosmos-os.de\/en\/atmosphaerische-phaenomene\/blitze\/\" data-type=\"page\" data-id=\"7207\" target=\"_blank\" rel=\"noreferrer noopener\"><\/a><a href=\"https:\/\/kosmos-os.de\/en\/atmosphaerische-phaenomene\/nachtleuchtende-wolken\/\" data-type=\"page\" data-id=\"7222\" target=\"_blank\" rel=\"noreferrer noopener\"><\/a><a href=\"https:\/\/kosmos-os.de\/en\/atmosphaerische-phaenomene\/nebensonnen\/\" data-type=\"page\" data-id=\"7235\" target=\"_blank\" rel=\"noreferrer noopener\">Sun dogs<\/a><\/p>\n<\/div>\n\n\n\n<div class=\"wp-block-column is-layout-flow wp-block-column-is-layout-flow\">\n<figure class=\"wp-block-image size-full\"><a href=\"https:\/\/kosmos-os.de\/en\/atmosphaerische-phaenomene\/nebensonnen\/\"><img loading=\"lazy\" decoding=\"async\" width=\"570\" height=\"380\" src=\"https:\/\/kosmos-os.de\/wp-content\/uploads\/2026\/02\/image-13.png\" alt=\"\" class=\"wp-image-7236\" srcset=\"https:\/\/kosmos-os.de\/wp-content\/uploads\/2026\/02\/image-13.png 570w, https:\/\/kosmos-os.de\/wp-content\/uploads\/2026\/02\/image-13-300x200.png 300w, https:\/\/kosmos-os.de\/wp-content\/uploads\/2026\/02\/image-13-18x12.png 18w\" sizes=\"auto, (max-width: 570px) 100vw, 570px\" \/><\/a><\/figure>\n<\/div>\n<\/div>\n\n\n\n<p><br><\/p>\n\n\n\n<div class=\"wp-block-columns is-layout-flex wp-container-core-columns-is-layout-28f84493 wp-block-columns-is-layout-flex\">\n<div class=\"wp-block-column is-layout-flow wp-block-column-is-layout-flow\">\n<p><a href=\"https:\/\/kosmos-os.de\/en\/atmosphaerische-phaenomene\/blitze\/\" data-type=\"page\" data-id=\"7207\" target=\"_blank\" rel=\"noreferrer noopener\"><\/a><a href=\"https:\/\/kosmos-os.de\/en\/atmosphaerische-phaenomene\/nachtleuchtende-wolken\/\" data-type=\"page\" data-id=\"7222\" target=\"_blank\" rel=\"noreferrer noopener\"><\/a><a href=\"https:\/\/kosmos-os.de\/en\/atmosphaerische-phaenomene\/nebensonnen\/\" data-type=\"page\" data-id=\"7235\" target=\"_blank\" rel=\"noreferrer noopener\"><\/a><a href=\"https:\/\/kosmos-os.de\/en\/polarlichter\/\">Auroras<\/a><\/p>\n<\/div>\n\n\n\n<div class=\"wp-block-column is-layout-flow wp-block-column-is-layout-flow\">\n<figure class=\"wp-block-image size-full\"><a href=\"https:\/\/kosmos-os.de\/en\/polarlichter\/\"><img loading=\"lazy\" decoding=\"async\" width=\"945\" height=\"630\" src=\"https:\/\/kosmos-os.de\/wp-content\/uploads\/2026\/01\/image-1.png\" alt=\"\" class=\"wp-image-7147\" srcset=\"https:\/\/kosmos-os.de\/wp-content\/uploads\/2026\/01\/image-1.png 945w, https:\/\/kosmos-os.de\/wp-content\/uploads\/2026\/01\/image-1-300x200.png 300w, https:\/\/kosmos-os.de\/wp-content\/uploads\/2026\/01\/image-1-768x512.png 768w, https:\/\/kosmos-os.de\/wp-content\/uploads\/2026\/01\/image-1-18x12.png 18w\" sizes=\"auto, (max-width: 945px) 100vw, 945px\" \/><\/a><\/figure>\n<\/div>\n<\/div>\n\n\n\n<p><br><\/p>\n\n\n\n<div class=\"wp-block-columns is-layout-flex wp-container-core-columns-is-layout-28f84493 wp-block-columns-is-layout-flex\">\n<div class=\"wp-block-column is-layout-flow wp-block-column-is-layout-flow\">\n<p><a href=\"https:\/\/kosmos-os.de\/en\/atmosphaerische-phaenomene\/blitze\/\" data-type=\"page\" data-id=\"7207\" target=\"_blank\" rel=\"noreferrer noopener\"><\/a><a href=\"https:\/\/kosmos-os.de\/en\/atmosphaerische-phaenomene\/regenboegen\/\" data-type=\"page\" data-id=\"7214\" target=\"_blank\" rel=\"noreferrer noopener\">Rainbows<\/a><\/p>\n<\/div>\n\n\n\n<div class=\"wp-block-column is-layout-flow wp-block-column-is-layout-flow\">\n<figure class=\"wp-block-image size-full\"><a href=\"https:\/\/kosmos-os.de\/en\/atmosphaerische-phaenomene\/regenboegen\/\"><img loading=\"lazy\" decoding=\"async\" width=\"945\" height=\"410\" src=\"https:\/\/kosmos-os.de\/wp-content\/uploads\/2026\/02\/image-5.png\" alt=\"\" class=\"wp-image-7216\" srcset=\"https:\/\/kosmos-os.de\/wp-content\/uploads\/2026\/02\/image-5.png 945w, https:\/\/kosmos-os.de\/wp-content\/uploads\/2026\/02\/image-5-300x130.png 300w, https:\/\/kosmos-os.de\/wp-content\/uploads\/2026\/02\/image-5-768x333.png 768w, https:\/\/kosmos-os.de\/wp-content\/uploads\/2026\/02\/image-5-18x8.png 18w\" sizes=\"auto, (max-width: 945px) 100vw, 945px\" \/><\/a><\/figure>\n<\/div>\n<\/div>\n\n\n\n<p><br><\/p>\n\n\n\n<p><\/p>\n\n\n\n<p><\/p>","protected":false},"excerpt":{"rendered":"<p>Himmelserscheinungen hat sicher jeder schon einmal gesehen. Dabei geht es nicht nur um Wolkenformationen oder ein sch\u00f6nes Abendrot. F\u00fcr einen aufmerksamen Beobachter bietet der Himmel weitaus mehr an Farben und Formen. Schon mit einfachen Kameras kann man diese teilweise beeindruckenden Himmelserscheinungen im Foto festhalten. Jeder kann das. Man muss einfach nur mal \u00f6fter nach oben [&hellip;]<\/p>\n","protected":false},"author":1,"featured_media":0,"parent":0,"menu_order":0,"comment_status":"closed","ping_status":"closed","template":"","meta":{"_eb_attr":"","footnotes":""},"class_list":["post-7120","page","type-page","status-publish","hentry"],"_links":{"self":[{"href":"https:\/\/kosmos-os.de\/en\/wp-json\/wp\/v2\/pages\/7120","targetHints":{"allow":["GET"]}}],"collection":[{"href":"https:\/\/kosmos-os.de\/en\/wp-json\/wp\/v2\/pages"}],"about":[{"href":"https:\/\/kosmos-os.de\/en\/wp-json\/wp\/v2\/types\/page"}],"author":[{"embeddable":true,"href":"https:\/\/kosmos-os.de\/en\/wp-json\/wp\/v2\/users\/1"}],"replies":[{"embeddable":true,"href":"https:\/\/kosmos-os.de\/en\/wp-json\/wp\/v2\/comments?post=7120"}],"version-history":[{"count":10,"href":"https:\/\/kosmos-os.de\/en\/wp-json\/wp\/v2\/pages\/7120\/revisions"}],"predecessor-version":[{"id":7377,"href":"https:\/\/kosmos-os.de\/en\/wp-json\/wp\/v2\/pages\/7120\/revisions\/7377"}],"wp:attachment":[{"href":"https:\/\/kosmos-os.de\/en\/wp-json\/wp\/v2\/media?parent=7120"}],"curies":[{"name":"wp","href":"https:\/\/api.w.org\/{rel}","templated":true}]}}