{"id":7231,"date":"2026-03-03T09:42:02","date_gmt":"2026-03-03T08:42:02","guid":{"rendered":"https:\/\/kosmos-os.de\/?page_id=7231"},"modified":"2026-03-06T12:13:54","modified_gmt":"2026-03-06T11:13:54","slug":"halos","status":"publish","type":"page","link":"https:\/\/kosmos-os.de\/en\/atmosphaerische-phaenomene\/halos\/","title":{"rendered":"Halos"},"content":{"rendered":"<p>A halo can visually form around both the sun and the moon. There are many different halo phenomena. The most common appearance is a ring around the sun or moon, which can be seen by the observer about 22\u00b0 from the sun or moon. In the high atmosphere, low temperatures must prevail so that ice crystals can form, on which these phenomena can occur through refraction and reflection.<\/p>\n\n\n\n<p><br><\/p>\n\n\n\n<figure class=\"wp-block-image size-full\"><img loading=\"lazy\" decoding=\"async\" width=\"418\" height=\"557\" src=\"https:\/\/kosmos-os.de\/wp-content\/uploads\/2026\/02\/image-11.png\" alt=\"\" class=\"wp-image-7232\" srcset=\"https:\/\/kosmos-os.de\/wp-content\/uploads\/2026\/02\/image-11.png 418w, https:\/\/kosmos-os.de\/wp-content\/uploads\/2026\/02\/image-11-225x300.png 225w, https:\/\/kosmos-os.de\/wp-content\/uploads\/2026\/02\/image-11-9x12.png 9w\" sizes=\"auto, (max-width: 418px) 100vw, 418px\" \/><figcaption class=\"wp-element-caption\"><em>Solar halo over Osnabr\u00fcck, photo: Wilhelm Witte<\/em><\/figcaption><\/figure>\n\n\n\n<p><br><\/p>\n\n\n\n<figure class=\"wp-block-image size-full\"><img loading=\"lazy\" decoding=\"async\" width=\"420\" height=\"280\" src=\"https:\/\/kosmos-os.de\/wp-content\/uploads\/2026\/02\/image-12.png\" alt=\"\" class=\"wp-image-7233\" srcset=\"https:\/\/kosmos-os.de\/wp-content\/uploads\/2026\/02\/image-12.png 420w, https:\/\/kosmos-os.de\/wp-content\/uploads\/2026\/02\/image-12-300x200.png 300w, https:\/\/kosmos-os.de\/wp-content\/uploads\/2026\/02\/image-12-18x12.png 18w\" sizes=\"auto, (max-width: 420px) 100vw, 420px\" \/><figcaption class=\"wp-element-caption\"><em>Lunar halo above Preu\u00dfisch Oldendorf, 13.3.2025, photo: Dr. Thomas Kunzemann<\/em><\/figcaption><\/figure>\n\n\n\n<p><br><\/p>\n\n\n\n<p><\/p>\n\n\n\n<p><\/p>\n\n\n\n<p><\/p>\n\n\n\n<p>If you want to know more about this phenomenon, you can find more information about this phenomenon here: <\/p>\n\n\n\n<p><a href=\"https:\/\/www.meteoros.de\/themen\/halos\">https:\/\/www.meteoros.de\/themen\/halos<\/a><\/p>\n\n\n\n<p><a href=\"https:\/\/www.dwd.de\/DE\/service\/lexikon\/Functions\/glossar.html?lv3=101154&amp;lv2=101094\">https:\/\/www.dwd.de\/DE\/service\/lexikon\/Functions\/glossar.html?lv3=101154&amp;lv2=101094<\/a><\/p>\n\n\n\n<p><br><\/p>\n\n\n\n<p><\/p>\n\n\n\n<p><a href=\"https:\/\/kosmos-os.de\/en\/atmosphaerische-phaenomene\/\">-&gt; Zur\u00fcck zu den Atmosp\u00e4rischen Ph\u00e4nomenen<\/a><\/p>","protected":false},"excerpt":{"rendered":"<p>Ein Halo kann visuell sowohl um die Sonne als auch um den Mond entstehen. Es gibt viele verschiedene Haloerscheinungen. Am h\u00e4ufigsten erscheint ein Ring um Sonne oder Mond, der vom Beobachter ca. 22\u00b0 von Sonne oder Mond entfernt zu sehen ist. In der hohen Atmosph\u00e4re m\u00fcssen daf\u00fcr tiefe Temperaturen herrschen, damit sich Eiskristalle bilden k\u00f6nnen, [&hellip;]<\/p>\n","protected":false},"author":1,"featured_media":0,"parent":7120,"menu_order":0,"comment_status":"closed","ping_status":"closed","template":"","meta":{"_eb_attr":"","footnotes":""},"class_list":["post-7231","page","type-page","status-publish","hentry"],"_links":{"self":[{"href":"https:\/\/kosmos-os.de\/en\/wp-json\/wp\/v2\/pages\/7231","targetHints":{"allow":["GET"]}}],"collection":[{"href":"https:\/\/kosmos-os.de\/en\/wp-json\/wp\/v2\/pages"}],"about":[{"href":"https:\/\/kosmos-os.de\/en\/wp-json\/wp\/v2\/types\/page"}],"author":[{"embeddable":true,"href":"https:\/\/kosmos-os.de\/en\/wp-json\/wp\/v2\/users\/1"}],"replies":[{"embeddable":true,"href":"https:\/\/kosmos-os.de\/en\/wp-json\/wp\/v2\/comments?post=7231"}],"version-history":[{"count":2,"href":"https:\/\/kosmos-os.de\/en\/wp-json\/wp\/v2\/pages\/7231\/revisions"}],"predecessor-version":[{"id":7302,"href":"https:\/\/kosmos-os.de\/en\/wp-json\/wp\/v2\/pages\/7231\/revisions\/7302"}],"up":[{"embeddable":true,"href":"https:\/\/kosmos-os.de\/en\/wp-json\/wp\/v2\/pages\/7120"}],"wp:attachment":[{"href":"https:\/\/kosmos-os.de\/en\/wp-json\/wp\/v2\/media?parent=7231"}],"curies":[{"name":"wp","href":"https:\/\/api.w.org\/{rel}","templated":true}]}}