{"id":7235,"date":"2026-03-03T09:41:25","date_gmt":"2026-03-03T08:41:25","guid":{"rendered":"https:\/\/kosmos-os.de\/?page_id=7235"},"modified":"2026-03-22T13:54:47","modified_gmt":"2026-03-22T12:54:47","slug":"nebensonnen","status":"publish","type":"page","link":"https:\/\/kosmos-os.de\/en\/atmosphaerische-phaenomene\/nebensonnen\/","title":{"rendered":"Sun dogs"},"content":{"rendered":"<p>In the case of so-called secondary suns or sun dogs, it seems as if there is another, but weaker sun next to the sun. These are also halo phenomena, which can often be seen even to the left and right of the Sun at about 22\u00b0. Secondary suns, like other halo phenomena, are also caused by refraction and reflection on ice crystals. They may have coloration. Reddish colorations appear on the sunny side, followed by yellowish colors. The sun dogs end in a whitish, sometimes somewhat bluish tail.<\/p>\n\n\n\n<p><br><\/p>\n\n\n\n<figure class=\"wp-block-image size-full\"><img loading=\"lazy\" decoding=\"async\" width=\"570\" height=\"380\" src=\"https:\/\/kosmos-os.de\/wp-content\/uploads\/2026\/02\/image-13.png\" alt=\"\" class=\"wp-image-7236\" srcset=\"https:\/\/kosmos-os.de\/wp-content\/uploads\/2026\/02\/image-13.png 570w, https:\/\/kosmos-os.de\/wp-content\/uploads\/2026\/02\/image-13-300x200.png 300w, https:\/\/kosmos-os.de\/wp-content\/uploads\/2026\/02\/image-13-18x12.png 18w\" sizes=\"auto, (max-width: 570px) 100vw, 570px\" \/><figcaption class=\"wp-element-caption\"><em>Sun  dog in G\u00fclpe, Westhavelland, 31.8.2024, Nebensonne, photo: Werner W\u00f6hrmann<\/em><\/figcaption><\/figure>\n\n\n\n<figure class=\"wp-block-image size-large\"><img loading=\"lazy\" decoding=\"async\" width=\"1024\" height=\"768\" src=\"https:\/\/kosmos-os.de\/wp-content\/uploads\/2026\/03\/WhatsApp-Image-2026-03-21-at-19.44.21-1024x768.jpeg\" alt=\"\" class=\"wp-image-7416\" srcset=\"https:\/\/kosmos-os.de\/wp-content\/uploads\/2026\/03\/WhatsApp-Image-2026-03-21-at-19.44.21-1024x768.jpeg 1024w, https:\/\/kosmos-os.de\/wp-content\/uploads\/2026\/03\/WhatsApp-Image-2026-03-21-at-19.44.21-300x225.jpeg 300w, https:\/\/kosmos-os.de\/wp-content\/uploads\/2026\/03\/WhatsApp-Image-2026-03-21-at-19.44.21-768x576.jpeg 768w, https:\/\/kosmos-os.de\/wp-content\/uploads\/2026\/03\/WhatsApp-Image-2026-03-21-at-19.44.21-1536x1152.jpeg 1536w, https:\/\/kosmos-os.de\/wp-content\/uploads\/2026\/03\/WhatsApp-Image-2026-03-21-at-19.44.21-16x12.jpeg 16w, https:\/\/kosmos-os.de\/wp-content\/uploads\/2026\/03\/WhatsApp-Image-2026-03-21-at-19.44.21.jpeg 2040w\" sizes=\"auto, (max-width: 1024px) 100vw, 1024px\" \/><figcaption class=\"wp-element-caption\"><em>Nebensonne abends im Hasepark in Osnabr\u00fcck, 19.3.2026, Aufnahme: Gerold Holtkamp<\/em><\/figcaption><\/figure>\n\n\n\n<p><br><\/p>\n\n\n\n<p><\/p>\n\n\n\n<p>If you want to know more about this phenomenon, you can find more information about this phenomenon here:<\/p>\n\n\n\n<p><a href=\"https:\/\/en.wikipedia.org\/wiki\/Sun_dog\">https:\/\/en.wikipedia.org\/wiki\/Sun_dog<\/a><\/p>\n\n\n\n<p><br><\/p>\n\n\n\n<p><\/p>\n\n\n\n<p><\/p>\n\n\n\n<p><a href=\"https:\/\/kosmos-os.de\/en\/atmosphaerische-phaenomene\/\">-&gt; Zur\u00fcck zu den Atmosp\u00e4rischen Ph\u00e4nomenen<\/a><\/p>","protected":false},"excerpt":{"rendered":"<p>Bei sog. Nebensonnen scheint es so, als ob sich neben der Sonne eine weitere, aber schw\u00e4chere Sonne befindet. Diese z\u00e4hlen ebenfalls zu den Halo-Erscheinungen, die oft sogar links und rechts unter ca. 22\u00b0 von der Sonne zu sehen sind. Nebensonnen werden wie andere Halo-Erscheinungen ebenfalls durch Brechung und Spiegelung an Eiskristallen hervorgerufen. Sie k\u00f6nnen F\u00e4rbungen [&hellip;]<\/p>\n","protected":false},"author":1,"featured_media":0,"parent":7120,"menu_order":0,"comment_status":"closed","ping_status":"closed","template":"","meta":{"_eb_attr":"","footnotes":""},"class_list":["post-7235","page","type-page","status-publish","hentry"],"_links":{"self":[{"href":"https:\/\/kosmos-os.de\/en\/wp-json\/wp\/v2\/pages\/7235","targetHints":{"allow":["GET"]}}],"collection":[{"href":"https:\/\/kosmos-os.de\/en\/wp-json\/wp\/v2\/pages"}],"about":[{"href":"https:\/\/kosmos-os.de\/en\/wp-json\/wp\/v2\/types\/page"}],"author":[{"embeddable":true,"href":"https:\/\/kosmos-os.de\/en\/wp-json\/wp\/v2\/users\/1"}],"replies":[{"embeddable":true,"href":"https:\/\/kosmos-os.de\/en\/wp-json\/wp\/v2\/comments?post=7235"}],"version-history":[{"count":5,"href":"https:\/\/kosmos-os.de\/en\/wp-json\/wp\/v2\/pages\/7235\/revisions"}],"predecessor-version":[{"id":7419,"href":"https:\/\/kosmos-os.de\/en\/wp-json\/wp\/v2\/pages\/7235\/revisions\/7419"}],"up":[{"embeddable":true,"href":"https:\/\/kosmos-os.de\/en\/wp-json\/wp\/v2\/pages\/7120"}],"wp:attachment":[{"href":"https:\/\/kosmos-os.de\/en\/wp-json\/wp\/v2\/media?parent=7235"}],"curies":[{"name":"wp","href":"https:\/\/api.w.org\/{rel}","templated":true}]}}