{"id":7254,"date":"2026-03-03T10:20:13","date_gmt":"2026-03-03T09:20:13","guid":{"rendered":"https:\/\/kosmos-os.de\/?page_id=7254"},"modified":"2026-03-06T12:14:58","modified_gmt":"2026-03-06T11:14:58","slug":"meteore","status":"publish","type":"page","link":"https:\/\/kosmos-os.de\/en\/atmosphaerische-phaenomene\/meteore\/","title":{"rendered":"Meteors"},"content":{"rendered":"<p>Meteors are nothing more than shooting stars, i.e. cosmic rock or dust particles that burn up in the Earth's atmosphere or, in the case of larger bodies, light up (fireballs).<\/p>\n\n\n\n<p><\/p>\n\n\n\n<p>Whenever a larger body, also called a meteoroid, makes its way to the ground without burning up completely, it is called a meteorite<\/p>\n\n\n\n<p>Meteors or shooting stars are most often seen when the Earth moves through a field of dust particles on its orbit around the sun and the famous shooting star showers such as the Perseids, the Orionids or other meteor showers become visible.  <\/p>\n\n\n\n<p><br><\/p>\n\n\n\n<p>Hier sind unsere Berichte zu Sternschnuppen zu finden:<\/p>\n\n\n<ul class=\"wp-block-latest-posts__list has-dates wp-block-latest-posts\"><li><div class=\"wp-block-latest-posts__featured-image\"><img loading=\"lazy\" decoding=\"async\" width=\"150\" height=\"150\" src=\"https:\/\/kosmos-os.de\/wp-content\/uploads\/2024\/07\/Perseiden_NASA-150x150.webp\" class=\"attachment-thumbnail size-thumbnail wp-post-image\" alt=\"\" style=\"\" \/><\/div><a class=\"wp-block-latest-posts__post-title\" href=\"https:\/\/kosmos-os.de\/en\/die-perseiden\/\">The Perseids<\/a><time datetime=\"2024-07-01T11:29:25+02:00\" class=\"wp-block-latest-posts__post-date\">01.07.2024<\/time><\/li>\n<li><div class=\"wp-block-latest-posts__featured-image\"><img loading=\"lazy\" decoding=\"async\" width=\"150\" height=\"150\" src=\"https:\/\/kosmos-os.de\/wp-content\/uploads\/2024\/08\/Perseiden-in-Lechtingen_vereint-Thomas-Grunge-980x648-1-1-150x150.jpg\" class=\"attachment-thumbnail size-thumbnail wp-post-image\" alt=\"\" style=\"\" \/><\/div><a class=\"wp-block-latest-posts__post-title\" href=\"https:\/\/kosmos-os.de\/en\/zwei-auf-einen-streich-im-himmel-ueber-dem-osnabruecker-land\/\">Two in one fell swoop \u2013 northern lights and shooting stars in the sky above Osnabr\u00fcck<\/a><time datetime=\"2024-08-15T14:30:15+02:00\" class=\"wp-block-latest-posts__post-date\">15.08.2024<\/time><\/li>\n<\/ul>\n\n\n<p><br><\/p>\n\n\n\n<p><\/p>\n\n\n\n<p><a href=\"https:\/\/kosmos-os.de\/en\/atmosphaerische-phaenomene\/\">-&gt; Zur\u00fcck zu den Atmosp\u00e4rischen Ph\u00e4nomenen<\/a><\/p>","protected":false},"excerpt":{"rendered":"<p>Meteore sind nichts anderes als Sternschnuppen, also kosmische Gesteins- oder staubteilchen, die in der irdischen Atmosph\u00e4re vergl\u00fchen oder, bei gr\u00f6\u00dferen K\u00f6rpern aufleuchten (Feuerkugeln). Immer dann wenn ein gr\u00f6\u00dferer K\u00f6rper, auch Meteoroid genannt, den Weg bis zum Erdboden schafft, ohne komplett zu vergl\u00fchen, so spricht man von einem Meteoriten. Am h\u00e4ufigsten sieht man Meteore oder Sternschnuppen, [&hellip;]<\/p>\n","protected":false},"author":1,"featured_media":5302,"parent":7120,"menu_order":0,"comment_status":"closed","ping_status":"closed","template":"","meta":{"_eb_attr":"","footnotes":""},"class_list":["post-7254","page","type-page","status-publish","has-post-thumbnail","hentry"],"_links":{"self":[{"href":"https:\/\/kosmos-os.de\/en\/wp-json\/wp\/v2\/pages\/7254","targetHints":{"allow":["GET"]}}],"collection":[{"href":"https:\/\/kosmos-os.de\/en\/wp-json\/wp\/v2\/pages"}],"about":[{"href":"https:\/\/kosmos-os.de\/en\/wp-json\/wp\/v2\/types\/page"}],"author":[{"embeddable":true,"href":"https:\/\/kosmos-os.de\/en\/wp-json\/wp\/v2\/users\/1"}],"replies":[{"embeddable":true,"href":"https:\/\/kosmos-os.de\/en\/wp-json\/wp\/v2\/comments?post=7254"}],"version-history":[{"count":3,"href":"https:\/\/kosmos-os.de\/en\/wp-json\/wp\/v2\/pages\/7254\/revisions"}],"predecessor-version":[{"id":7305,"href":"https:\/\/kosmos-os.de\/en\/wp-json\/wp\/v2\/pages\/7254\/revisions\/7305"}],"up":[{"embeddable":true,"href":"https:\/\/kosmos-os.de\/en\/wp-json\/wp\/v2\/pages\/7120"}],"wp:featuredmedia":[{"embeddable":true,"href":"https:\/\/kosmos-os.de\/en\/wp-json\/wp\/v2\/media\/5302"}],"wp:attachment":[{"href":"https:\/\/kosmos-os.de\/en\/wp-json\/wp\/v2\/media?parent=7254"}],"curies":[{"name":"wp","href":"https:\/\/api.w.org\/{rel}","templated":true}]}}