{"id":7483,"date":"2026-04-11T11:49:56","date_gmt":"2026-04-11T09:49:56","guid":{"rendered":"https:\/\/kosmos-os.de\/?page_id=7483"},"modified":"2026-04-27T09:30:27","modified_gmt":"2026-04-27T07:30:27","slug":"das-sternstundenteam","status":"publish","type":"page","link":"https:\/\/kosmos-os.de\/en\/das-sternstundenteam\/","title":{"rendered":"The Sternstunden Team"},"content":{"rendered":"<p><br><\/p>\n\n\n\n<p>This team takes visitors through our stargazing sessions, guiding them through the night sky. Their passion for astronomy is also their motivation to share it with others. We look forward to our next stargazing sessions with you.<br><\/p>\n\n\n\n<p><br><\/p>\n\n\n\n<p><br><\/p>\n\n\n\n<p><\/p>\n\n\n\n<p><br><\/p>\n\n\n\n<p><\/p>\n\n\n\n<p><br><strong>Carsten Debbe<\/strong><\/p>\n\n\n\n<div class=\"wp-block-columns is-layout-flex wp-container-core-columns-is-layout-28f84493 wp-block-columns-is-layout-flex\">\n<div class=\"wp-block-column is-layout-flow wp-block-column-is-layout-flow\">\n<figure class=\"wp-block-image aligncenter size-full is-resized has-custom-border\"><img loading=\"lazy\" decoding=\"async\" width=\"2560\" height=\"1707\" src=\"https:\/\/kosmos-os.de\/wp-content\/uploads\/2026\/04\/IMG_7521-scaled.jpg\" alt=\"\" class=\"wp-image-7652\" style=\"border-style:none;border-width:0px;width:420px\" srcset=\"https:\/\/kosmos-os.de\/wp-content\/uploads\/2026\/04\/IMG_7521-scaled.jpg 2560w, https:\/\/kosmos-os.de\/wp-content\/uploads\/2026\/04\/IMG_7521-300x200.jpg 300w, https:\/\/kosmos-os.de\/wp-content\/uploads\/2026\/04\/IMG_7521-1024x683.jpg 1024w, https:\/\/kosmos-os.de\/wp-content\/uploads\/2026\/04\/IMG_7521-768x512.jpg 768w, https:\/\/kosmos-os.de\/wp-content\/uploads\/2026\/04\/IMG_7521-1536x1024.jpg 1536w, https:\/\/kosmos-os.de\/wp-content\/uploads\/2026\/04\/IMG_7521-2048x1365.jpg 2048w, https:\/\/kosmos-os.de\/wp-content\/uploads\/2026\/04\/IMG_7521-18x12.jpg 18w\" sizes=\"auto, (max-width: 2560px) 100vw, 2560px\" \/><\/figure>\n<\/div>\n\n\n\n<div class=\"wp-block-column is-layout-flow wp-block-column-is-layout-flow\">\n<p class=\"has-medium-font-size\" style=\"border-style:none;border-width:0px\">Carsten often brings a so-called catadioptric system, more precisely a Schmidt Cassegrain telescope with an aperture of 203 mm, to our Sternstunden events. These systems combine mirrors and (correction-) lenses and thus ensure very good imaging with a long focal length in a compact form \u2013 ideally suited for planets, lunar details and globular clusters. The system uses a trailing altazimuth mount \u2013 ideal for our stellar evenings!<\/p>\n<\/div>\n<\/div>\n\n\n\n<p><br><\/p>\n\n\n\n<p><strong>Anja Drews<\/strong><\/p>\n\n\n\n<div class=\"wp-block-columns is-layout-flex wp-container-core-columns-is-layout-28f84493 wp-block-columns-is-layout-flex\">\n<div class=\"wp-block-column is-layout-flow wp-block-column-is-layout-flow\">\n<figure class=\"wp-block-image aligncenter size-full is-resized\"><img loading=\"lazy\" decoding=\"async\" width=\"2560\" height=\"1707\" src=\"https:\/\/kosmos-os.de\/wp-content\/uploads\/2026\/04\/IMG_7522-scaled.jpg\" alt=\"\" class=\"wp-image-7653\" style=\"aspect-ratio:1.332879972798368;object-fit:cover;width:420px\" srcset=\"https:\/\/kosmos-os.de\/wp-content\/uploads\/2026\/04\/IMG_7522-scaled.jpg 2560w, https:\/\/kosmos-os.de\/wp-content\/uploads\/2026\/04\/IMG_7522-300x200.jpg 300w, https:\/\/kosmos-os.de\/wp-content\/uploads\/2026\/04\/IMG_7522-1024x683.jpg 1024w, https:\/\/kosmos-os.de\/wp-content\/uploads\/2026\/04\/IMG_7522-768x512.jpg 768w, https:\/\/kosmos-os.de\/wp-content\/uploads\/2026\/04\/IMG_7522-1536x1024.jpg 1536w, https:\/\/kosmos-os.de\/wp-content\/uploads\/2026\/04\/IMG_7522-2048x1365.jpg 2048w, https:\/\/kosmos-os.de\/wp-content\/uploads\/2026\/04\/IMG_7522-18x12.jpg 18w\" sizes=\"auto, (max-width: 2560px) 100vw, 2560px\" \/><\/figure>\n<\/div>\n\n\n\n<div class=\"wp-block-column is-layout-flow wp-block-column-is-layout-flow\">\n<p class=\"has-medium-font-size\" style=\"border-style:none;border-width:0px\">Anja likes to bring her 8 inch\/F6 Dobsonian telescope and then use it visually to observe galaxies. At the same time, she then uses her smart telescope, a ZWO Seestar S50, to photograph everything that remains hidden from visual observation<\/p>\n<\/div>\n<\/div>\n\n\n\n<p><br><\/p>\n\n\n\n<p><strong>Thomas Grunge<\/strong><\/p>\n\n\n\n<div class=\"wp-block-columns is-layout-flex wp-container-core-columns-is-layout-28f84493 wp-block-columns-is-layout-flex\">\n<div class=\"wp-block-column is-layout-flow wp-block-column-is-layout-flow\">\n<figure class=\"wp-block-image alignleft size-large is-resized\" style=\"margin-top:0;margin-right:var(--wp--preset--spacing--30);margin-bottom:0;margin-left:var(--wp--preset--spacing--30)\"><img loading=\"lazy\" decoding=\"async\" width=\"1024\" height=\"683\" src=\"https:\/\/kosmos-os.de\/wp-content\/uploads\/2026\/04\/IMG_6620-1024x683.jpg\" alt=\"\" class=\"wp-image-7487\" style=\"width:480px\" srcset=\"https:\/\/kosmos-os.de\/wp-content\/uploads\/2026\/04\/IMG_6620-1024x683.jpg 1024w, https:\/\/kosmos-os.de\/wp-content\/uploads\/2026\/04\/IMG_6620-300x200.jpg 300w, https:\/\/kosmos-os.de\/wp-content\/uploads\/2026\/04\/IMG_6620-768x512.jpg 768w, https:\/\/kosmos-os.de\/wp-content\/uploads\/2026\/04\/IMG_6620-1536x1024.jpg 1536w, https:\/\/kosmos-os.de\/wp-content\/uploads\/2026\/04\/IMG_6620-2048x1365.jpg 2048w, https:\/\/kosmos-os.de\/wp-content\/uploads\/2026\/04\/IMG_6620-18x12.jpg 18w\" sizes=\"auto, (max-width: 1024px) 100vw, 1024px\" \/><\/figure>\n<\/div>\n\n\n\n<div class=\"wp-block-column is-layout-flow wp-block-column-is-layout-flow\">\n<p class=\"has-medium-font-size\" style=\"border-style:none;border-width:0px\">Not only the telescope, but also the mount and tripod are top-of-the-line at Thomas's place. Visitors to the stargazing event notice this immediately when they look through the telescope: the crystal-clear image of the object is perfectly still. It's truly remarkable what such a telescope reveals. No one should miss this sight.<\/p>\n<\/div>\n<\/div>\n\n\n\n<p><br><\/p>\n\n\n\n<p><strong>Dr. Gerold Holtkamp<\/strong><\/p>\n\n\n\n<div class=\"wp-block-columns is-layout-flex wp-container-core-columns-is-layout-28f84493 wp-block-columns-is-layout-flex\">\n<div class=\"wp-block-column is-layout-flow wp-block-column-is-layout-flow\">\n<figure class=\"wp-block-image alignleft size-large is-resized\" style=\"margin-top:0;margin-right:var(--wp--preset--spacing--30);margin-bottom:0;margin-left:var(--wp--preset--spacing--30)\"><img loading=\"lazy\" decoding=\"async\" width=\"1024\" height=\"683\" src=\"https:\/\/kosmos-os.de\/wp-content\/uploads\/2026\/04\/IMG_7334-1024x683.jpg\" alt=\"\" class=\"wp-image-7491\" style=\"width:480px\" srcset=\"https:\/\/kosmos-os.de\/wp-content\/uploads\/2026\/04\/IMG_7334-1024x683.jpg 1024w, https:\/\/kosmos-os.de\/wp-content\/uploads\/2026\/04\/IMG_7334-300x200.jpg 300w, https:\/\/kosmos-os.de\/wp-content\/uploads\/2026\/04\/IMG_7334-768x512.jpg 768w, https:\/\/kosmos-os.de\/wp-content\/uploads\/2026\/04\/IMG_7334-1536x1024.jpg 1536w, https:\/\/kosmos-os.de\/wp-content\/uploads\/2026\/04\/IMG_7334-2048x1365.jpg 2048w, https:\/\/kosmos-os.de\/wp-content\/uploads\/2026\/04\/IMG_7334-18x12.jpg 18w\" sizes=\"auto, (max-width: 1024px) 100vw, 1024px\" \/><\/figure>\n<\/div>\n\n\n\n<div class=\"wp-block-column is-layout-flow wp-block-column-is-layout-flow\">\n<p class=\"has-medium-font-size\" style=\"border-style:none;border-width:0px\">The \"big rig\" remains permanently mounted at home in his garden. For stargazing sessions, Gerold sets up the portable \"small rig.\" And this one is quite something. As an apochromatic refractor, the telescope delivers razor-sharp images. The moon, Jupiter, and many other celestial objects become an impressive experience. Furthermore, if a computer is connected, the telescope can be automatically slewed to any object in the sky.<\/p>\n<\/div>\n<\/div>\n\n\n\n<p><\/p>\n\n\n\n<p><\/p>\n\n\n\n<p><br><strong><strong>Olaf Homeier<\/strong><\/strong><\/p>\n\n\n\n<div class=\"wp-block-columns is-layout-flex wp-container-core-columns-is-layout-28f84493 wp-block-columns-is-layout-flex\">\n<div class=\"wp-block-column is-layout-flow wp-block-column-is-layout-flow\">\n<figure class=\"wp-block-image alignleft size-large is-resized\" style=\"margin-top:0;margin-right:var(--wp--preset--spacing--30);margin-bottom:0;margin-left:var(--wp--preset--spacing--30)\"><img loading=\"lazy\" decoding=\"async\" width=\"1024\" height=\"683\" src=\"https:\/\/kosmos-os.de\/wp-content\/uploads\/2026\/04\/IMG_6622-1024x683.jpg\" alt=\"\" class=\"wp-image-7488\" style=\"width:480px\" srcset=\"https:\/\/kosmos-os.de\/wp-content\/uploads\/2026\/04\/IMG_6622-1024x683.jpg 1024w, https:\/\/kosmos-os.de\/wp-content\/uploads\/2026\/04\/IMG_6622-300x200.jpg 300w, https:\/\/kosmos-os.de\/wp-content\/uploads\/2026\/04\/IMG_6622-768x512.jpg 768w, https:\/\/kosmos-os.de\/wp-content\/uploads\/2026\/04\/IMG_6622-1536x1024.jpg 1536w, https:\/\/kosmos-os.de\/wp-content\/uploads\/2026\/04\/IMG_6622-2048x1365.jpg 2048w, https:\/\/kosmos-os.de\/wp-content\/uploads\/2026\/04\/IMG_6622-18x12.jpg 18w\" sizes=\"auto, (max-width: 1024px) 100vw, 1024px\" \/><\/figure>\n<\/div>\n\n\n\n<div class=\"wp-block-column is-layout-flow wp-block-column-is-layout-flow\">\n<p class=\"has-medium-font-size\" style=\"border-style:none;border-width:0px\">Admittedly, his smart telescope doesn't look like a telescope at first glance. But its capabilities quickly become apparent in sufficient darkness. Then Olaf starts up his fully automated device, equipped not only with a telescope but also with a tracking system, a camera, and a computer. This allows him to capture brilliant images of even faint nebulae during stargazing hours, images that remain hidden to the naked eye.<\/p>\n<\/div>\n<\/div>\n\n\n\n<p><br><\/p>\n\n\n\n<p><strong><strong>Dr. Achim Tegeler <\/strong><\/strong><\/p>\n\n\n\n<div class=\"wp-block-columns is-layout-flex wp-container-core-columns-is-layout-28f84493 wp-block-columns-is-layout-flex\">\n<div class=\"wp-block-column is-layout-flow wp-block-column-is-layout-flow\">\n<figure class=\"wp-block-image alignleft size-large is-resized\" style=\"margin-top:0;margin-right:var(--wp--preset--spacing--30);margin-bottom:0;margin-left:var(--wp--preset--spacing--30)\"><img loading=\"lazy\" decoding=\"async\" width=\"1024\" height=\"683\" src=\"https:\/\/kosmos-os.de\/wp-content\/uploads\/2026\/04\/IMG_7331-1024x683.jpg\" alt=\"\" class=\"wp-image-7490\" style=\"width:480px\" srcset=\"https:\/\/kosmos-os.de\/wp-content\/uploads\/2026\/04\/IMG_7331-1024x683.jpg 1024w, https:\/\/kosmos-os.de\/wp-content\/uploads\/2026\/04\/IMG_7331-300x200.jpg 300w, https:\/\/kosmos-os.de\/wp-content\/uploads\/2026\/04\/IMG_7331-768x512.jpg 768w, https:\/\/kosmos-os.de\/wp-content\/uploads\/2026\/04\/IMG_7331-1536x1024.jpg 1536w, https:\/\/kosmos-os.de\/wp-content\/uploads\/2026\/04\/IMG_7331-2048x1365.jpg 2048w, https:\/\/kosmos-os.de\/wp-content\/uploads\/2026\/04\/IMG_7331-18x12.jpg 18w\" sizes=\"auto, (max-width: 1024px) 100vw, 1024px\" \/><\/figure>\n<\/div>\n\n\n\n<div class=\"wp-block-column is-layout-flow wp-block-column-is-layout-flow\">\n<p class=\"has-medium-font-size\" style=\"border-style:none;border-width:0px\">Achim's large, tracking reflecting Dobsonian telescope is already an impressive sight. But above all, the view through this telescope of celestial objects is something you shouldn't miss. Both its light-gathering power and its resolving ability provide visitors with breathtaking images. Despite its size, the telescope is portable and can therefore be taken along for almost every stargazing session.<\/p>\n<\/div>\n<\/div>\n\n\n\n<p><br><strong>Wilhelm Witte<\/strong><\/p>\n\n\n\n<div class=\"wp-block-columns is-layout-flex wp-container-core-columns-is-layout-28f84493 wp-block-columns-is-layout-flex\">\n<div class=\"wp-block-column is-layout-flow wp-block-column-is-layout-flow\">\n<figure class=\"wp-block-image alignleft size-large is-resized\" style=\"margin-top:0;margin-right:var(--wp--preset--spacing--30);margin-bottom:0;margin-left:var(--wp--preset--spacing--30)\"><img loading=\"lazy\" decoding=\"async\" width=\"1024\" height=\"683\" src=\"https:\/\/kosmos-os.de\/wp-content\/uploads\/2026\/04\/IMG_7530-1024x683.jpg\" alt=\"\" class=\"wp-image-7654\" style=\"width:480px\" srcset=\"https:\/\/kosmos-os.de\/wp-content\/uploads\/2026\/04\/IMG_7530-1024x683.jpg 1024w, https:\/\/kosmos-os.de\/wp-content\/uploads\/2026\/04\/IMG_7530-300x200.jpg 300w, https:\/\/kosmos-os.de\/wp-content\/uploads\/2026\/04\/IMG_7530-768x512.jpg 768w, https:\/\/kosmos-os.de\/wp-content\/uploads\/2026\/04\/IMG_7530-1536x1024.jpg 1536w, https:\/\/kosmos-os.de\/wp-content\/uploads\/2026\/04\/IMG_7530-2048x1365.jpg 2048w, https:\/\/kosmos-os.de\/wp-content\/uploads\/2026\/04\/IMG_7530-18x12.jpg 18w\" sizes=\"auto, (max-width: 1024px) 100vw, 1024px\" \/><\/figure>\n<\/div>\n\n\n\n<div class=\"wp-block-column is-layout-flow wp-block-column-is-layout-flow\">\n<p class=\"has-medium-font-size\" style=\"border-style:none;border-width:0px\">Wilhelm likes to bring a Newtonian telescope among other of his treasures - here a MEADE LXD75 with 152mm aperture on a tracking, equatorial mount to our Sternstunden. A lot is possible with that...<\/p>\n<\/div>\n<\/div>\n\n\n\n<p style=\"border-style:none;border-width:0px\"><\/p>\n\n\n\n<p><\/p>\n\n\n\n<p><br><strong>Werner W\u00f6hrmann<\/strong><\/p>\n\n\n\n<div class=\"wp-block-columns is-layout-flex wp-container-core-columns-is-layout-28f84493 wp-block-columns-is-layout-flex\">\n<div class=\"wp-block-column is-layout-flow wp-block-column-is-layout-flow\">\n<figure class=\"wp-block-image alignleft size-large is-resized\" style=\"margin-top:0;margin-right:var(--wp--preset--spacing--30);margin-bottom:0;margin-left:var(--wp--preset--spacing--30)\"><img loading=\"lazy\" decoding=\"async\" width=\"1024\" height=\"683\" src=\"https:\/\/kosmos-os.de\/wp-content\/uploads\/2026\/04\/IMG_7532-1024x683.jpg\" alt=\"\" class=\"wp-image-7655\" style=\"width:480px\" srcset=\"https:\/\/kosmos-os.de\/wp-content\/uploads\/2026\/04\/IMG_7532-1024x683.jpg 1024w, https:\/\/kosmos-os.de\/wp-content\/uploads\/2026\/04\/IMG_7532-300x200.jpg 300w, https:\/\/kosmos-os.de\/wp-content\/uploads\/2026\/04\/IMG_7532-768x512.jpg 768w, https:\/\/kosmos-os.de\/wp-content\/uploads\/2026\/04\/IMG_7532-1536x1024.jpg 1536w, https:\/\/kosmos-os.de\/wp-content\/uploads\/2026\/04\/IMG_7532-2048x1365.jpg 2048w, https:\/\/kosmos-os.de\/wp-content\/uploads\/2026\/04\/IMG_7532-18x12.jpg 18w\" sizes=\"auto, (max-width: 1024px) 100vw, 1024px\" \/><\/figure>\n<\/div>\n\n\n\n<div class=\"wp-block-column is-layout-flow wp-block-column-is-layout-flow\">\n<p class=\"has-medium-font-size\" style=\"border-style:none;border-width:0px\">With this telescope, you're looking through the largest refracting telescope of our Sternstunden. Its sheer size is impressive. But its image quality is equally remarkable. Jupiter's cloud bands or Saturn's rings pose no problem for this instrument. Combined with Werner's expert explanations, observing becomes a truly special experience.<\/p>\n<\/div>\n<\/div>\n\n\n\n<p style=\"border-style:none;border-width:0px\"><\/p>\n\n\n\n<p><\/p>","protected":false},"excerpt":{"rendered":"<p>Dieses Team f\u00fchrt die Besucher unserer Sternstunden beim Erleben des n\u00e4chtlichen Himmels. Die Begeisterung f\u00fcr die Astronomie ist gleichzeitig auch die Motivation, diese mit anderen zu teilen. Wir freuen uns auf die n\u00e4chsten Sternstunden mit Euch. Carsten Debbe Carsten bringt oft ein sogenanntes katadioptrisches System, genauer ein Schmidt Cassegrain Teleskop mit 203 mm \u00d6ffnung&nbsp; mit [&hellip;]<\/p>\n","protected":false},"author":2,"featured_media":0,"parent":0,"menu_order":0,"comment_status":"closed","ping_status":"closed","template":"","meta":{"_eb_attr":"","footnotes":""},"class_list":["post-7483","page","type-page","status-publish","hentry"],"_links":{"self":[{"href":"https:\/\/kosmos-os.de\/en\/wp-json\/wp\/v2\/pages\/7483","targetHints":{"allow":["GET"]}}],"collection":[{"href":"https:\/\/kosmos-os.de\/en\/wp-json\/wp\/v2\/pages"}],"about":[{"href":"https:\/\/kosmos-os.de\/en\/wp-json\/wp\/v2\/types\/page"}],"author":[{"embeddable":true,"href":"https:\/\/kosmos-os.de\/en\/wp-json\/wp\/v2\/users\/2"}],"replies":[{"embeddable":true,"href":"https:\/\/kosmos-os.de\/en\/wp-json\/wp\/v2\/comments?post=7483"}],"version-history":[{"count":10,"href":"https:\/\/kosmos-os.de\/en\/wp-json\/wp\/v2\/pages\/7483\/revisions"}],"predecessor-version":[{"id":7663,"href":"https:\/\/kosmos-os.de\/en\/wp-json\/wp\/v2\/pages\/7483\/revisions\/7663"}],"wp:attachment":[{"href":"https:\/\/kosmos-os.de\/en\/wp-json\/wp\/v2\/media?parent=7483"}],"curies":[{"name":"wp","href":"https:\/\/api.w.org\/{rel}","templated":true}]}}