{"id":7553,"date":"2026-04-16T09:26:58","date_gmt":"2026-04-16T07:26:58","guid":{"rendered":"https:\/\/kosmos-os.de\/?page_id=7553"},"modified":"2026-05-05T08:55:02","modified_gmt":"2026-05-05T06:55:02","slug":"einblicke","status":"publish","type":"page","link":"https:\/\/kosmos-os.de\/en\/einblicke\/","title":{"rendered":"Insights"},"content":{"rendered":"<p><br><\/p>\n\n\n\n<p>Since the beginning of 2026, we have been entering all the small highlights here that do not necessarily become their own report. This is to create a small chronicle of our activities, which should enable us, but also you, to get a better insight into our occupation with astronomy and cosmology.<\/p>\n\n\n\n<p><br><\/p>\n\n\n\n<p><strong>April 25, 2026&nbsp;&nbsp;&nbsp;&nbsp;&nbsp;&nbsp;&nbsp;&nbsp;&nbsp;&nbsp;&nbsp;&nbsp;&nbsp;&nbsp;&nbsp;&nbsp;&nbsp; <a href=\"https:\/\/kosmos-os.de\/en\/sternstunden\/\" target=\"_blank\" rel=\"noreferrer noopener\">Sternstunden<\/a> on Vosslinke<\/strong><\/p>\n\n\n\n<p>Over 20 visitors came to have astronomy explained and demonstrated to them. The program included the moon, Jupiter, Venus, double stars, and star clusters. These could be observed with the many different telescopes that had been set up. The weather cooperated, and it turned out to be a remarkable evening. <a href=\"https:\/\/kosmos-os.de\/en\/sternstunde-auf-der-vosslinke-am-25-april-2026\/\" target=\"_blank\" rel=\"noreferrer noopener\">-here is the report-<\/a><\/p>\n\n\n\n<figure class=\"wp-block-image size-large is-resized\"><img loading=\"lazy\" decoding=\"async\" width=\"1024\" height=\"682\" src=\"https:\/\/kosmos-os.de\/wp-content\/uploads\/2026\/04\/Olaf-WhatsApp-Image-2026-04-26-at-09.51.09-1024x682.jpeg\" alt=\"\" class=\"wp-image-7636\" style=\"width:238px\" srcset=\"https:\/\/kosmos-os.de\/wp-content\/uploads\/2026\/04\/Olaf-WhatsApp-Image-2026-04-26-at-09.51.09-1024x682.jpeg 1024w, https:\/\/kosmos-os.de\/wp-content\/uploads\/2026\/04\/Olaf-WhatsApp-Image-2026-04-26-at-09.51.09-300x200.jpeg 300w, https:\/\/kosmos-os.de\/wp-content\/uploads\/2026\/04\/Olaf-WhatsApp-Image-2026-04-26-at-09.51.09-768x512.jpeg 768w, https:\/\/kosmos-os.de\/wp-content\/uploads\/2026\/04\/Olaf-WhatsApp-Image-2026-04-26-at-09.51.09-1536x1023.jpeg 1536w, https:\/\/kosmos-os.de\/wp-content\/uploads\/2026\/04\/Olaf-WhatsApp-Image-2026-04-26-at-09.51.09-18x12.jpeg 18w, https:\/\/kosmos-os.de\/wp-content\/uploads\/2026\/04\/Olaf-WhatsApp-Image-2026-04-26-at-09.51.09.jpeg 1600w\" sizes=\"auto, (max-width: 1024px) 100vw, 1024px\" \/><figcaption class=\"wp-element-caption\"><em>The moon illuminated the event on the Vosslinke.<\/em><\/figcaption><\/figure>\n\n\n\n<p><br><strong>April 18, 2026  \u00a0\u00a0\u00a0\u00a0\u00a0\u00a0\u00a0\u00a0\u00a0\u00a0\u00a0\u00a0\u00a0\u00a0\u00a0\u00a0\u00a0Monthly kosmos-os Meeting<\/strong><\/p>\n\n\n\n<p>Nine astronomy enthusiasts from Kosmos-OS attended. A short presentation <a href=\"https:\/\/kosmos-os.de\/en\/exoplanet-toi-1859b-der-ausreisser\/\" target=\"_blank\" rel=\"noreferrer noopener\">observation results from an exoplanet measurement<\/a> were presented and compared with those of other amateur astronomers. The discrepancies with professionally conducted measurements were discussed at length. In another presentation, the topic of \"black holes\" and their potential role as \"dark matter\" was explored. This also sparked lively discussions. Finally, a quick-release system was presented, allowing for the easy changing of cameras, small telescopes, and similar equipment on a tripod.<\/p>\n\n\n\n<p><br><\/p>\n\n\n\n<p><strong>April 15,  2026 \u00a0 \u00a0\u00a0\u00a0\u00a0\u00a0\u00a0\u00a0\u00a0\u00a0\u00a0\u00a0\u00a0\u00a0\u00a0\u00a0 Comet chase<\/strong><\/p>\n\n\n\n<p>Four friends from kosmos-os (Achim, Gerold, Olaf, and Werner) met early at 3:30 a.m. on Lechtinger Hill to observe comet C\/2025 R3 (PanSTARRS). The comet was very low in the sky and difficult to see behind a layer of haze. Therefore, only a few photos were taken. But the four certainly had fun. Anja and Carsten had better luck, having \"caught\" the comet on April 11th. <a href=\"https:\/\/kosmos-os.de\/en\/expedition-ins-kometenreich\/\" data-type=\"link\" data-id=\"https:\/\/kosmos-os.de\/expedition-ins-kometenreich\/\" target=\"_blank\" rel=\"noreferrer noopener\"><strong>here the report<\/strong><\/a> . <\/p>\n\n\n\n<figure class=\"wp-block-image size-full is-resized\"><img loading=\"lazy\" decoding=\"async\" width=\"225\" height=\"150\" src=\"https:\/\/kosmos-os.de\/wp-content\/uploads\/2026\/04\/image-3.png\" alt=\"\" class=\"wp-image-7559\" style=\"width:236px;height:auto\" srcset=\"https:\/\/kosmos-os.de\/wp-content\/uploads\/2026\/04\/image-3.png 225w, https:\/\/kosmos-os.de\/wp-content\/uploads\/2026\/04\/image-3-18x12.png 18w\" sizes=\"auto, (max-width: 225px) 100vw, 225px\" \/><figcaption class=\"wp-element-caption\"><em>Werner, Achim, Olaf and Gerold very early in the morning<\/em><\/figcaption><\/figure>\n\n\n\n<p><br><\/p>\n\n\n\n<p><strong>April 07,  2026 \u00a0\u00a0 \u00a0\u00a0\u00a0\u00a0\u00a0\u00a0\u00a0\u00a0\u00a0\u00a0\u00a0\u00a0\u00a0\u00a0Lecture<\/strong><\/p>\n\n\n\n<p>Four kosmos-os friends (Achim, Gerold, Michael and Werner) went to the main lecture of the Olbers Gesellschaft by Prof. Dr. Matthias Bartelmann (University of Heidelberg) in Bremen. The topic was Dark Matter in the Standard Model of cosmology and the assessment of the alternative view MOND (Modified Newtonian Dynamics): Interesting insights!<\/p>\n\n\n\n<p><br><\/p>\n\n\n\n<p><strong>March 28, 2026&nbsp;&nbsp;&nbsp;&nbsp;&nbsp;&nbsp;&nbsp;&nbsp;&nbsp;&nbsp;&nbsp;&nbsp;&nbsp;&nbsp;&nbsp;&nbsp;&nbsp; <a href=\"https:\/\/kosmos-os.de\/en\/sternstunden-am-28-3-2026-nach-dem-regen-kam-die-klare-nacht\/\">Sternstunden<\/a> after rain<br><\/strong>On Saturday around 6 p.m., we of kosmos-os \u2013 Fitten, Gerold, Olaf, Achim, and Werner \u2013 arrived at Vosslinke. It was still raining! We remained optimistic and trusted the weather forecast. In fact, we were able to set up in the dry from 6:30 p.m. onwards.<\/p>\n\n\n\n<figure class=\"wp-block-image size-large is-resized\"><img loading=\"lazy\" decoding=\"async\" width=\"1024\" height=\"683\" src=\"https:\/\/kosmos-os.de\/wp-content\/uploads\/2026\/03\/IMG_7357-1024x683.jpg\" alt=\"\" class=\"wp-image-7452\" style=\"width:238px\" srcset=\"https:\/\/kosmos-os.de\/wp-content\/uploads\/2026\/03\/IMG_7357-1024x683.jpg 1024w, https:\/\/kosmos-os.de\/wp-content\/uploads\/2026\/03\/IMG_7357-300x200.jpg 300w, https:\/\/kosmos-os.de\/wp-content\/uploads\/2026\/03\/IMG_7357-768x512.jpg 768w, https:\/\/kosmos-os.de\/wp-content\/uploads\/2026\/03\/IMG_7357-1536x1024.jpg 1536w, https:\/\/kosmos-os.de\/wp-content\/uploads\/2026\/03\/IMG_7357-2048x1365.jpg 2048w, https:\/\/kosmos-os.de\/wp-content\/uploads\/2026\/03\/IMG_7357-18x12.jpg 18w\" sizes=\"auto, (max-width: 1024px) 100vw, 1024px\" \/><figcaption class=\"wp-element-caption\"><em>It's dark enough for observing...<\/em><\/figcaption><\/figure>\n\n\n\n<p><br><\/p>\n\n\n\n<p><strong>March 21, 2026 \u00a0\u00a0 \u00a0\u00a0\u00a0\u00a0\u00a0\u00a0\u00a0\u00a0\u00a0\u00a0\u00a0\u00a0\u00a0\u00a0Lecture<\/strong><\/p>\n\n\n\n<p>As part of the monthly meeting of kosmos-os, Thomas Grunge gave a lecture on <strong><a href=\"https:\/\/kosmos-os.de\/en\/leuchtende-nachtwolken-nlc\/\">noctilucent clouds<\/a> <\/strong>. A phenomenon that still cannot be fully explained and is being researched further.<\/p>\n\n\n\n<p><br><\/p>\n\n\n\n<p><strong>March 03, 2026  \u00a0\u00a0\u00a0\u00a0\u00a0\u00a0\u00a0\u00a0\u00a0\u00a0\u00a0\u00a0\u00a0\u00a0\u00a0  Lecture<\/strong><\/p>\n\n\n\n<p>Three kosmos-os friends (Achim, Werner and Wilhem) went to Bremen for the main lecture of the Olbers Society by Prof. Dr. Cora Uhlemann (University of Bielefeld). The topic was the architecture of the cosmos, dark energy and its significance in the cosmological standard model: An engaging and interesting lecture on a much-discussed topic!<\/p>\n\n\n\n<p><br><\/p>\n\n\n\n<p><strong>February 25, 2026\u00a0\u00a0\u00a0\u00a0\u00a0\u00a0\u00a0\u00a0\u00a0\u00a0\u00a0 Spring - <\/strong><a href=\"https:\/\/kosmos-os.de\/en\/sternstunden-am-25-2-2026-ein-fruehlingsabend-im-winter\/\"><strong>Sternstunden<\/strong><\/a> <strong>in winter<\/strong><\/p>\n\n\n\n<p>Our Sternstunden in cooperation with the MIK at minus degrees on the Vosslinke: That didn't stop the visitors from looking at the stars with us!<\/p>\n\n\n\n<figure class=\"wp-block-image size-large is-resized\"><img loading=\"lazy\" decoding=\"async\" width=\"1024\" height=\"731\" src=\"https:\/\/kosmos-os.de\/wp-content\/uploads\/2026\/03\/IMG_2856-dunkel-1200x800-1-1024x731.jpg\" alt=\"\" class=\"wp-image-7310\" style=\"aspect-ratio:1.4008442588166976;width:238px;height:auto\" srcset=\"https:\/\/kosmos-os.de\/wp-content\/uploads\/2026\/03\/IMG_2856-dunkel-1200x800-1-1024x731.jpg 1024w, https:\/\/kosmos-os.de\/wp-content\/uploads\/2026\/03\/IMG_2856-dunkel-1200x800-1-300x214.jpg 300w, https:\/\/kosmos-os.de\/wp-content\/uploads\/2026\/03\/IMG_2856-dunkel-1200x800-1-768x548.jpg 768w, https:\/\/kosmos-os.de\/wp-content\/uploads\/2026\/03\/IMG_2856-dunkel-1200x800-1-18x12.jpg 18w, https:\/\/kosmos-os.de\/wp-content\/uploads\/2026\/03\/IMG_2856-dunkel-1200x800-1.jpg 1200w\" sizes=\"auto, (max-width: 1024px) 100vw, 1024px\" \/><figcaption class=\"wp-element-caption\"><em>Despite the cold, the visitors came as soon as the equipment was set up<\/em><\/figcaption><\/figure>\n\n\n\n<p><br><\/p>\n\n\n\n<p><strong>February 21, 2026\u00a0\u00a0\u00a0\u00a0\u00a0\u00a0\u00a0\u00a0\u00a0\u00a0\u00a0\u00a0\u00a0Lecture<\/strong><\/p>\n\n\n\n<p>As part of the monthly meeting of kosmos-os, Dr. Achim Tegeler gave a talk on the timescape model as a possible (and rarely mentioned) alternative to Dark Energy. A topic that is hardly known even to those interested in astronomy.<\/p>\n\n\n\n<p><br><\/p>\n\n\n\n<p><strong>Fevruary 10, 2026\u00a0\u00a0\u00a0\u00a0\u00a0\u00a0\u00a0\u00a0\u00a0\u00a0\u00a0\u00a0\u00a0 Lecture<\/strong><\/p>\n\n\n\n<p>Four kosmos-os friends (Achim, Gerold, Werner and Wilhem) went to Bremen for the main lecture of the Olbers Society by Prof. Dr. Jochen Weller (University of Munich). The topic was the Dark Universe and ESA's EUCLID mission.<\/p>\n\n\n\n<p><br><\/p>\n\n\n\n<p><strong>January 19, 2026\u00a0\u00a0\u00a0\u00a0\u00a0\u00a0\u00a0\u00a0\u00a0\u00a0\u00a0\u00a0\u00a0\u00a0\u00a0 Observation of Northern Lights above the Osnabr\u00fcck region<\/strong><\/p>\n\n\n\n<p>The kosmos-os friends Achim, Anja, Carsten, Gerold, Olaf and Thomas K. observed the Northern Lights above Osnabr\u00fcck. There was a lively exchange of pictures and reports, which led to a separate <strong><a href=\"https:\/\/kosmos-os.de\/en\/polarlicht-ueber-osnabrueck\/\">report on kosmos-os<\/a> <\/strong>.<\/p>\n\n\n\n<p><\/p>","protected":false},"excerpt":{"rendered":"<p>Hier tragen wir seit Beginn des Jahres 2026 all die kleinen Highlights ein, die nicht zwangsl\u00e4ufig zu einem eigenen Bericht werden. So soll eine kleine Chronik \u00fcber unsere Aktivit\u00e4ten entstehen, die es uns, aber auch Euch, erm\u00f6glichen soll, einen besseren Einblick in unsere Besch\u00e4ftigung mit Astronomie und Kosmologie zu bekommen. 25. April 2026&nbsp;&nbsp;&nbsp;&nbsp;&nbsp;&nbsp;&nbsp;&nbsp;&nbsp;&nbsp;&nbsp;&nbsp;&nbsp;&nbsp;&nbsp;&nbsp;&nbsp; Sternstunden auf [&hellip;]<\/p>\n","protected":false},"author":1,"featured_media":0,"parent":0,"menu_order":0,"comment_status":"closed","ping_status":"closed","template":"","meta":{"_eb_attr":"","footnotes":""},"class_list":["post-7553","page","type-page","status-publish","hentry"],"_links":{"self":[{"href":"https:\/\/kosmos-os.de\/en\/wp-json\/wp\/v2\/pages\/7553","targetHints":{"allow":["GET"]}}],"collection":[{"href":"https:\/\/kosmos-os.de\/en\/wp-json\/wp\/v2\/pages"}],"about":[{"href":"https:\/\/kosmos-os.de\/en\/wp-json\/wp\/v2\/types\/page"}],"author":[{"embeddable":true,"href":"https:\/\/kosmos-os.de\/en\/wp-json\/wp\/v2\/users\/1"}],"replies":[{"embeddable":true,"href":"https:\/\/kosmos-os.de\/en\/wp-json\/wp\/v2\/comments?post=7553"}],"version-history":[{"count":10,"href":"https:\/\/kosmos-os.de\/en\/wp-json\/wp\/v2\/pages\/7553\/revisions"}],"predecessor-version":[{"id":7688,"href":"https:\/\/kosmos-os.de\/en\/wp-json\/wp\/v2\/pages\/7553\/revisions\/7688"}],"wp:attachment":[{"href":"https:\/\/kosmos-os.de\/en\/wp-json\/wp\/v2\/media?parent=7553"}],"curies":[{"name":"wp","href":"https:\/\/api.w.org\/{rel}","templated":true}]}}