{"id":756,"date":"2023-06-21T09:50:03","date_gmt":"2023-06-21T07:50:03","guid":{"rendered":"https:\/\/kosmos-os.de\/?page_id=756"},"modified":"2024-12-09T09:17:22","modified_gmt":"2024-12-09T08:17:22","slug":"bauberichte","status":"publish","type":"page","link":"https:\/\/kosmos-os.de\/en\/berichte-und-beobachtungen\/bauberichte\/","title":{"rendered":"DIY projects"},"content":{"rendered":"<p><br><\/p>\n\n\n\n<p><\/p>\n\n\n\n<p>Astronomy is a broad field in which technology always plays a role This technology enables us to perform certain tasks. For example, the light-gathering capacity of telescopes is of enormous importance in order to make faint objects visible at all, and a well-adjusted mount is extremely important to compensate for the apparent movement of the sky caused by the Earth's rotation. <\/p>\n\n\n\n<p>Many of these technical devices are highly complex and can only be produced in state-of-the-art manufacturing processes (e.g. glass lenses, CCD and CMOS chips, etc.), others can be built or optimized by yourself. This is where our construction projects are presented \u2013 we hope to give one or another suggestion and are happy if there are \"copyists\"!<\/p>\n\n\n\n<p><\/p>\n\n\n\n<div class=\"wp-block-group has-global-padding is-content-justification-left is-layout-constrained wp-container-core-group-is-layout-414f9025 wp-block-group-is-layout-constrained\">\n<p><br><\/p>\n\n\n\n<p><\/p>\n\n\n<ul class=\"wp-block-latest-posts__list wp-block-latest-posts\"><li><div class=\"wp-block-latest-posts__featured-image alignright\"><a href=\"https:\/\/kosmos-os.de\/en\/ein-leuchtpunktsucher-am-fernglas\/\" aria-label=\"A red dot finder on binoculars\"><img loading=\"lazy\" decoding=\"async\" width=\"300\" height=\"200\" src=\"https:\/\/kosmos-os.de\/wp-content\/uploads\/2024\/12\/Werner_LPS1-300x200.jpg\" class=\"attachment-medium size-medium wp-post-image\" alt=\"\" style=\"max-width:200px;max-height:200px;\" srcset=\"https:\/\/kosmos-os.de\/wp-content\/uploads\/2024\/12\/Werner_LPS1-300x200.jpg 300w, https:\/\/kosmos-os.de\/wp-content\/uploads\/2024\/12\/Werner_LPS1-1024x683.jpg 1024w, https:\/\/kosmos-os.de\/wp-content\/uploads\/2024\/12\/Werner_LPS1-768x512.jpg 768w, https:\/\/kosmos-os.de\/wp-content\/uploads\/2024\/12\/Werner_LPS1-18x12.jpg 18w, https:\/\/kosmos-os.de\/wp-content\/uploads\/2024\/12\/Werner_LPS1-500x333.jpg 500w, https:\/\/kosmos-os.de\/wp-content\/uploads\/2024\/12\/Werner_LPS1-800x533.jpg 800w, https:\/\/kosmos-os.de\/wp-content\/uploads\/2024\/12\/Werner_LPS1-1280x853.jpg 1280w, https:\/\/kosmos-os.de\/wp-content\/uploads\/2024\/12\/Werner_LPS1.jpg 1470w\" sizes=\"auto, (max-width: 300px) 100vw, 300px\" \/><\/a><\/div><a class=\"wp-block-latest-posts__post-title\" href=\"https:\/\/kosmos-os.de\/en\/ein-leuchtpunktsucher-am-fernglas\/\">A red dot finder on binoculars<\/a><div class=\"wp-block-latest-posts__post-excerpt\">Binoculars with a red dot finder are a fine thing. With a little skill, something like this can quickly be built by yourself.<\/div><\/li>\n<li><div class=\"wp-block-latest-posts__featured-image alignright\"><a href=\"https:\/\/kosmos-os.de\/en\/und-es-bewegt-sich-doch\/\" aria-label=\"Und es bewegt sich doch&#8230;\"><img loading=\"lazy\" decoding=\"async\" width=\"225\" height=\"300\" src=\"https:\/\/kosmos-os.de\/wp-content\/uploads\/2024\/02\/Dob22-225x300.jpg\" class=\"attachment-medium size-medium wp-post-image\" alt=\"\" style=\"max-width:200px;max-height:200px;\" srcset=\"https:\/\/kosmos-os.de\/wp-content\/uploads\/2024\/02\/Dob22-225x300.jpg 225w, https:\/\/kosmos-os.de\/wp-content\/uploads\/2024\/02\/Dob22-9x12.jpg 9w, https:\/\/kosmos-os.de\/wp-content\/uploads\/2024\/02\/Dob22.jpg 480w\" sizes=\"auto, (max-width: 225px) 100vw, 225px\" \/><\/a><\/div><a class=\"wp-block-latest-posts__post-title\" href=\"https:\/\/kosmos-os.de\/en\/und-es-bewegt-sich-doch\/\">And yet it moves...<\/a><div class=\"wp-block-latest-posts__post-excerpt\">Anyone who has ever had to transport a 12\" Dobsonian Goto telescope including rocker box and various additional parts such as power supply, finder telescope etc. knows that you don't necessarily want to carry the weight many meters even with two people.  So, a trolley is needed...<\/div><\/li>\n<li><div class=\"wp-block-latest-posts__featured-image alignright\"><a href=\"https:\/\/kosmos-os.de\/en\/kalte-fuesse-und-klamme-haende-bei-der-astrofotografie-das-war-gestern\/\" aria-label=\"Kalte F\u00fc\u00dfe und klamme H\u00e4nde bei der Astrofotografie &#8211; das war gestern\"><img loading=\"lazy\" decoding=\"async\" width=\"300\" height=\"184\" src=\"https:\/\/kosmos-os.de\/wp-content\/uploads\/2024\/01\/WhatsApp-Bild-2023-09-23-um-15.44.08_ee93087b-300x184.jpg\" class=\"attachment-medium size-medium wp-post-image\" alt=\"\" style=\"max-width:200px;max-height:200px;\" srcset=\"https:\/\/kosmos-os.de\/wp-content\/uploads\/2024\/01\/WhatsApp-Bild-2023-09-23-um-15.44.08_ee93087b-300x184.jpg 300w, https:\/\/kosmos-os.de\/wp-content\/uploads\/2024\/01\/WhatsApp-Bild-2023-09-23-um-15.44.08_ee93087b-1024x628.jpg 1024w, https:\/\/kosmos-os.de\/wp-content\/uploads\/2024\/01\/WhatsApp-Bild-2023-09-23-um-15.44.08_ee93087b-768x471.jpg 768w, https:\/\/kosmos-os.de\/wp-content\/uploads\/2024\/01\/WhatsApp-Bild-2023-09-23-um-15.44.08_ee93087b-1536x942.jpg 1536w, https:\/\/kosmos-os.de\/wp-content\/uploads\/2024\/01\/WhatsApp-Bild-2023-09-23-um-15.44.08_ee93087b-18x12.jpg 18w, https:\/\/kosmos-os.de\/wp-content\/uploads\/2024\/01\/WhatsApp-Bild-2023-09-23-um-15.44.08_ee93087b-500x307.jpg 500w, https:\/\/kosmos-os.de\/wp-content\/uploads\/2024\/01\/WhatsApp-Bild-2023-09-23-um-15.44.08_ee93087b-800x491.jpg 800w, https:\/\/kosmos-os.de\/wp-content\/uploads\/2024\/01\/WhatsApp-Bild-2023-09-23-um-15.44.08_ee93087b-1280x785.jpg 1280w, https:\/\/kosmos-os.de\/wp-content\/uploads\/2024\/01\/WhatsApp-Bild-2023-09-23-um-15.44.08_ee93087b.jpg 1642w\" sizes=\"auto, (max-width: 300px) 100vw, 300px\" \/><\/a><\/div><a class=\"wp-block-latest-posts__post-title\" href=\"https:\/\/kosmos-os.de\/en\/kalte-fuesse-und-klamme-haende-bei-der-astrofotografie-das-war-gestern\/\">Cold feet and clammy hands during astrophotography \u2013 that was yesterday<\/a><div class=\"wp-block-latest-posts__post-excerpt\">There are many garden observatories used by amateur astronomers and almost as many different concepts that are followed in their construction and operation. That's why it's always worth visiting such an observatory.<\/div><\/li>\n<li><div class=\"wp-block-latest-posts__featured-image alignright\"><a href=\"https:\/\/kosmos-os.de\/en\/pan-tau-oder-der-ungetruebte-blick-ins-all\/\" aria-label=\"&quot;Pan Tau&quot; \u2013 or the unobstructed view of space\"><img loading=\"lazy\" decoding=\"async\" width=\"225\" height=\"300\" src=\"https:\/\/kosmos-os.de\/wp-content\/uploads\/2023\/12\/P2-225x300.jpg\" class=\"attachment-medium size-medium wp-post-image\" alt=\"\" style=\"max-width:200px;max-height:200px;\" srcset=\"https:\/\/kosmos-os.de\/wp-content\/uploads\/2023\/12\/P2-225x300.jpg 225w, https:\/\/kosmos-os.de\/wp-content\/uploads\/2023\/12\/P2-9x12.jpg 9w, https:\/\/kosmos-os.de\/wp-content\/uploads\/2023\/12\/P2.jpg 480w\" sizes=\"auto, (max-width: 225px) 100vw, 225px\" \/><\/a><\/div><a class=\"wp-block-latest-posts__post-title\" href=\"https:\/\/kosmos-os.de\/en\/pan-tau-oder-der-ungetruebte-blick-ins-all\/\">\"Pan Tau\" \u2013 or the unobstructed view of space<\/a><div class=\"wp-block-latest-posts__post-excerpt\">Dew is always a problem in astronomical observations. Here is a description of how to build a secondary mirror heater for Newtonian telescopes so that the dew no longer has a chance.<\/div><\/li>\n<li><div class=\"wp-block-latest-posts__featured-image alignright\"><a href=\"https:\/\/kosmos-os.de\/en\/bau-einer-taukappe\/\" aria-label=\"Construction of a dew cap\"><img loading=\"lazy\" decoding=\"async\" width=\"225\" height=\"300\" src=\"https:\/\/kosmos-os.de\/wp-content\/uploads\/2023\/09\/IMG_20230906_194719350_HDR-225x300.jpg\" class=\"attachment-medium size-medium wp-post-image\" alt=\"\" style=\"max-width:200px;max-height:200px;\" srcset=\"https:\/\/kosmos-os.de\/wp-content\/uploads\/2023\/09\/IMG_20230906_194719350_HDR-225x300.jpg 225w, https:\/\/kosmos-os.de\/wp-content\/uploads\/2023\/09\/IMG_20230906_194719350_HDR-768x1024.jpg 768w, https:\/\/kosmos-os.de\/wp-content\/uploads\/2023\/09\/IMG_20230906_194719350_HDR-1152x1536.jpg 1152w, https:\/\/kosmos-os.de\/wp-content\/uploads\/2023\/09\/IMG_20230906_194719350_HDR-1536x2048.jpg 1536w, https:\/\/kosmos-os.de\/wp-content\/uploads\/2023\/09\/IMG_20230906_194719350_HDR-9x12.jpg 9w, https:\/\/kosmos-os.de\/wp-content\/uploads\/2023\/09\/IMG_20230906_194719350_HDR-500x667.jpg 500w, https:\/\/kosmos-os.de\/wp-content\/uploads\/2023\/09\/IMG_20230906_194719350_HDR-800x1067.jpg 800w, https:\/\/kosmos-os.de\/wp-content\/uploads\/2023\/09\/IMG_20230906_194719350_HDR-1280x1707.jpg 1280w, https:\/\/kosmos-os.de\/wp-content\/uploads\/2023\/09\/IMG_20230906_194719350_HDR-scaled.jpg 1920w\" sizes=\"auto, (max-width: 225px) 100vw, 225px\" \/><\/a><\/div><a class=\"wp-block-latest-posts__post-title\" href=\"https:\/\/kosmos-os.de\/en\/bau-einer-taukappe\/\">Construction of a dew cap<\/a><div class=\"wp-block-latest-posts__post-excerpt\">The construction of a dew cap for a Newton telescope with a 250 mm aperture is described. Simple and therefore inexpensive means are used, essentially an insulating mat and a Velcro strip. The work process is described step by step.<\/div><\/li>\n<li><div class=\"wp-block-latest-posts__featured-image alignright\"><a href=\"https:\/\/kosmos-os.de\/en\/bau-einer-binomontierung\/\" aria-label=\"Building a parallelogram mount for astronomical  binoculars\"><img loading=\"lazy\" decoding=\"async\" width=\"300\" height=\"300\" src=\"https:\/\/kosmos-os.de\/wp-content\/uploads\/2023\/06\/cropped-cropped-monti_kompl-e1686592694759-300x300.jpg\" class=\"attachment-medium size-medium wp-post-image\" alt=\"\" style=\"max-width:200px;max-height:200px;\" srcset=\"https:\/\/kosmos-os.de\/wp-content\/uploads\/2023\/06\/cropped-cropped-monti_kompl-e1686592694759-300x300.jpg 300w, https:\/\/kosmos-os.de\/wp-content\/uploads\/2023\/06\/cropped-cropped-monti_kompl-e1686592694759-150x150.jpg 150w, https:\/\/kosmos-os.de\/wp-content\/uploads\/2023\/06\/cropped-cropped-monti_kompl-e1686592694759.jpg 358w\" sizes=\"auto, (max-width: 300px) 100vw, 300px\" \/><\/a><\/div><a class=\"wp-block-latest-posts__post-title\" href=\"https:\/\/kosmos-os.de\/en\/bau-einer-binomontierung\/\">Building a parallelogram mount for astronomical  binoculars<\/a><div class=\"wp-block-latest-posts__post-excerpt\">Being able to see astronomical objects with both eyes is a dream of many astronomers. That works ideally with a parallelogram mount for astronomical binolculars - and that's exactly what is built here!<\/div><\/li>\n<li><div class=\"wp-block-latest-posts__featured-image alignright\"><a href=\"https:\/\/kosmos-os.de\/en\/der-weg-zur-garten-teleskopsaeule\/\" aria-label=\"The way to a telescope column in the garden\"><img loading=\"lazy\" decoding=\"async\" width=\"300\" height=\"300\" src=\"https:\/\/kosmos-os.de\/wp-content\/uploads\/2023\/06\/cropped-IMG_20220810_164004567-scaled-2-e1686592792454-300x300.jpg\" class=\"attachment-medium size-medium wp-post-image\" alt=\"\" style=\"max-width:200px;max-height:200px;\" srcset=\"https:\/\/kosmos-os.de\/wp-content\/uploads\/2023\/06\/cropped-IMG_20220810_164004567-scaled-2-e1686592792454-300x300.jpg 300w, https:\/\/kosmos-os.de\/wp-content\/uploads\/2023\/06\/cropped-IMG_20220810_164004567-scaled-2-e1686592792454-150x150.jpg 150w, https:\/\/kosmos-os.de\/wp-content\/uploads\/2023\/06\/cropped-IMG_20220810_164004567-scaled-2-e1686592792454.jpg 400w\" sizes=\"auto, (max-width: 300px) 100vw, 300px\" \/><\/a><\/div><a class=\"wp-block-latest-posts__post-title\" href=\"https:\/\/kosmos-os.de\/en\/der-weg-zur-garten-teleskopsaeule\/\">The way to a telescope column in the garden<\/a><div class=\"wp-block-latest-posts__post-excerpt\">It's always nice when you can initiate something. This was also the case on July 30th, 2022, when my astronomical colleagues and I inaugurated my new telescope column together. In the best weather and 3c (coffee, cake, cold drinks) the \"ceremonial act\" took place. Before that, of course, lays the history of the column, a slightly longer story \u2026<\/div><\/li>\n<\/ul>\n\n\n<p><br><\/p>\n\n\n\n<p><\/p>\n<\/div>\n\n\n\n<p><\/p>\n\n\n\n<p><br><\/p>\n\n\n\n<p><br><\/p>\n\n\n\n<p><\/p>\n\n\n\n<p><\/p>\n\n\n\n<p><br><\/p>\n\n\n\n<p><br><\/p>\n\n\n\n<p><br><\/p>\n\n\n\n<p><br><\/p>\n\n\n\n<p><br><\/p>","protected":false},"excerpt":{"rendered":"<p>Astronomie ist ein weites Feld, bei dem immer auch Technik eine Rolle spielt, die es uns erm\u00f6glicht, bestimmte Aufgaben zu erf\u00fcllen. So ist das Lichtsammelverm\u00f6gen von Teleskopen von enormer Bedeutung, um lichtschwache Objekte \u00fcberhaupt sichtbar zu machen und eine gut justierte Montierung extrem wichtig, um die scheinbare Bewegung des Himmels, die durch die Erdrotation verursacht [&hellip;]<\/p>\n","protected":false},"author":1,"featured_media":0,"parent":1075,"menu_order":0,"comment_status":"closed","ping_status":"closed","template":"","meta":{"_eb_attr":"","footnotes":""},"class_list":["post-756","page","type-page","status-publish","hentry"],"_links":{"self":[{"href":"https:\/\/kosmos-os.de\/en\/wp-json\/wp\/v2\/pages\/756","targetHints":{"allow":["GET"]}}],"collection":[{"href":"https:\/\/kosmos-os.de\/en\/wp-json\/wp\/v2\/pages"}],"about":[{"href":"https:\/\/kosmos-os.de\/en\/wp-json\/wp\/v2\/types\/page"}],"author":[{"embeddable":true,"href":"https:\/\/kosmos-os.de\/en\/wp-json\/wp\/v2\/users\/1"}],"replies":[{"embeddable":true,"href":"https:\/\/kosmos-os.de\/en\/wp-json\/wp\/v2\/comments?post=756"}],"version-history":[{"count":10,"href":"https:\/\/kosmos-os.de\/en\/wp-json\/wp\/v2\/pages\/756\/revisions"}],"predecessor-version":[{"id":6026,"href":"https:\/\/kosmos-os.de\/en\/wp-json\/wp\/v2\/pages\/756\/revisions\/6026"}],"up":[{"embeddable":true,"href":"https:\/\/kosmos-os.de\/en\/wp-json\/wp\/v2\/pages\/1075"}],"wp:attachment":[{"href":"https:\/\/kosmos-os.de\/en\/wp-json\/wp\/v2\/media?parent=756"}],"curies":[{"name":"wp","href":"https:\/\/api.w.org\/{rel}","templated":true}]}}