{"id":954,"date":"2023-06-26T12:41:12","date_gmt":"2023-06-26T10:41:12","guid":{"rendered":"https:\/\/kosmos-os.de\/?page_id=954"},"modified":"2024-12-10T12:45:11","modified_gmt":"2024-12-10T11:45:11","slug":"impressum","status":"publish","type":"page","link":"https:\/\/kosmos-os.de\/en\/impressum\/","title":{"rendered":"Imprint"},"content":{"rendered":"<p><\/p>\n\n\n\n<p><\/p>\n\n\n\n<h2 class=\"wp-block-heading\" style=\"padding-top:0px;padding-right:0px;padding-bottom:0px;padding-left:0px\"><\/h2>\n\n\n\n<p><br><\/p>\n\n\n\n<p style=\"padding-top:0;padding-right:0;padding-bottom:0;padding-left:0\"><strong>Die Domain&nbsp;<\/strong><a href=\"https:\/\/kosmos-os.de\/en\/?customize_changeset_uuid=1e92cf67-5763-4f5f-b7e9-ed767a9618bc\"><strong>kosmos-os.de<\/strong><\/a><strong>&nbsp;dient ausschlie\u00dflich privaten Zwecken und wird daher nicht zu Gesch\u00e4fts- oder Werbezwecken verwendet.<\/strong><\/p>\n\n\n\n<p><br><\/p>\n\n\n\n<p><\/p>\n\n\n\n<p><\/p>\n\n\n\n<p>Seitenbetreiber:<\/p>\n\n\n\n<p style=\"margin-top:0;margin-right:0;margin-bottom:0;margin-left:0\">Dr. Achim Tegeler<br>astro@kosmos-os.de<br><br><strong>Haftung f\u00fcr Inhalte<\/strong><br>Die Inhalte des Webauftritts kosmos-os.de wurden mit gr\u00f6\u00dftm\u00f6glicher Sorgfalt erstellt. F\u00fcr die Richtigkeit, Vollst\u00e4ndigkeit und Aktualit\u00e4t der Inhalte k\u00f6nnen wir jedoch keine Gew\u00e4hr \u00fcbernehmen.<\/p>\n\n\n\n<p class=\"has-text-align-left\">Nach \u00a7 7 Abs.1 TMG ist der Dienstanbieter f\u00fcr eigene Inhalte auf dem Internetauftritt nach den allgemeinen Gesetzen verantwortlich. Entsprechend \u00a7\u00a7 8 bis 10 TMG ist der Dienstanbieter nicht verpflichtet, \u00fcbermittelte oder gespeicherte fremde Informationen zu \u00fcberwachen oder nach Umst\u00e4nden zu forschen, die auf eine rechtswidrige T\u00e4tigkeit hinweisen. Verpflichtungen zur Entfernung oder Sperrung der Nutzung von Informationen nach den allgemeinen Gesetzen bleiben hiervon unber\u00fchrt. F\u00fcr eine Haftung setzt dies die Kenntnis der Rechtsverletzung voraus. Bei Bekanntwerden von entsprechenden Rechtsverletzungen werden wir diese Inhalte umgehend entfernen.<\/p>\n\n\n\n<p><br><\/p>\n\n\n\n<p><\/p>\n\n\n\n<p><strong>Haftung f\u00fcr Links<\/strong><br>Die in unserem Internetauftritt enthaltenen Links auf andere Internetseiten stehen dem Nutzer lediglich aus Annehmlichkeit zur Verf\u00fcgung. Wir \u00fcbernehmen keine Verantwortung f\u00fcr den Inhalt dieser Internetseiten sowie keine Haftung f\u00fcr direkte oder indirekte Sch\u00e4den, die durch die Nutzung deren Inhalts \u2013 gleich welcher Art \u2013 entstehen. F\u00fcr die Inhalte der verlinkten Seiten ist stets der jeweilige Anbieter oder Betreiber dieser Seiten verantwortlich. Bei der Kontrolle der verlinkten Seiten waren rechtswidrige Inhalte nicht erkennbar. Eine permanente inhaltliche Kontrolle der verlinkten Seiten ist jedoch ohne konkrete Anhaltspunkte einer Rechtsverletzung nicht zumutbar. Bei Informationen \u00fcber Rechtsverletzungen werden wir betroffene Links umgehend entfernen. Der Nutzer stellt eine Verbindung zu diesen Internetseiten oder anderen Internetauftritten auf eigene Gefahr her. Die Nutzung s\u00e4mtlicher in diesem Internetauftritt aufgef\u00fchrter Informationen und Daten sowie s\u00e4mtliches mit diesem Internetauftritt zusammenh\u00e4ngendes Tun, Dulden oder Unterlassen unterliegen ausschlie\u00dflich deutschem Recht.<\/p>\n\n\n\n<p><br><\/p>\n\n\n\n<p><strong>Urheberrecht<\/strong><br>Die durch die Seitenbetreiber erstellten Inhalte und Werke auf diesen Seiten unterliegen dem deutschen Urheberrecht. Die Vervielf\u00e4ltigung, Bearbeitung, Verbreitung und jede Art der Verwertung au\u00dferhalb der Grenzen des Urheberrechtes bed\u00fcrfen der schriftlichen Zustimmung des jeweiligen Autors bzw. Erstellers.<\/p>\n\n\n\n<p>Downloads und Kopien dieser Seite sind nur f\u00fcr den privaten, nicht kommerziellen Gebrauch gestattet.<br>Soweit die Inhalte auf dieser Seite nicht vom Betreiber erstellt wurden, werden die Urheberrechte Dritter beachtet. Insbesondere werden Inhalte Dritter als solche gekennzeichnet. Sollten Sie trotzdem auf eine Urheberrechtsverletzung aufmerksam werden, bitten wir um einen entsprechenden Hinweis. Bei Bekanntwerden von Rechtsverletzungen werden wir derartige Inhalte umgehend entfernen.<\/p>\n\n\n\n<p><\/p>\n\n\n\n<p><\/p>\n\n\n\n<p><br><\/p>\n\n\n\n<p><\/p>","protected":false},"excerpt":{"rendered":"<p>Die Domain&nbsp;kosmos-os.de&nbsp;dient ausschlie\u00dflich privaten Zwecken und wird daher nicht zu Gesch\u00e4fts- oder Werbezwecken verwendet. Seitenbetreiber: Dr. Achim Tegelerastro@kosmos-os.de Haftung f\u00fcr InhalteDie Inhalte des Webauftritts kosmos-os.de wurden mit gr\u00f6\u00dftm\u00f6glicher Sorgfalt erstellt. F\u00fcr die Richtigkeit, Vollst\u00e4ndigkeit und Aktualit\u00e4t der Inhalte k\u00f6nnen wir jedoch keine Gew\u00e4hr \u00fcbernehmen. Nach \u00a7 7 Abs.1 TMG ist der Dienstanbieter f\u00fcr eigene Inhalte [&hellip;]<\/p>\n","protected":false},"author":1,"featured_media":0,"parent":0,"menu_order":0,"comment_status":"closed","ping_status":"closed","template":"","meta":{"_eb_attr":"","footnotes":""},"class_list":["post-954","page","type-page","status-publish","hentry"],"_links":{"self":[{"href":"https:\/\/kosmos-os.de\/en\/wp-json\/wp\/v2\/pages\/954","targetHints":{"allow":["GET"]}}],"collection":[{"href":"https:\/\/kosmos-os.de\/en\/wp-json\/wp\/v2\/pages"}],"about":[{"href":"https:\/\/kosmos-os.de\/en\/wp-json\/wp\/v2\/types\/page"}],"author":[{"embeddable":true,"href":"https:\/\/kosmos-os.de\/en\/wp-json\/wp\/v2\/users\/1"}],"replies":[{"embeddable":true,"href":"https:\/\/kosmos-os.de\/en\/wp-json\/wp\/v2\/comments?post=954"}],"version-history":[{"count":10,"href":"https:\/\/kosmos-os.de\/en\/wp-json\/wp\/v2\/pages\/954\/revisions"}],"predecessor-version":[{"id":6119,"href":"https:\/\/kosmos-os.de\/en\/wp-json\/wp\/v2\/pages\/954\/revisions\/6119"}],"wp:attachment":[{"href":"https:\/\/kosmos-os.de\/en\/wp-json\/wp\/v2\/media?parent=954"}],"curies":[{"name":"wp","href":"https:\/\/api.w.org\/{rel}","templated":true}]}}